{"id":1112,"date":"2023-02-08T11:06:55","date_gmt":"2023-02-08T11:06:55","guid":{"rendered":"https:\/\/businessinneathporttalbot.com\/datganiad-preifatrwydd\/"},"modified":"2024-05-22T09:06:52","modified_gmt":"2024-05-22T09:06:52","slug":"datganiad-preifatrwydd","status":"publish","type":"page","link":"https:\/\/businessinneathporttalbot.com\/cy\/datganiad-preifatrwydd\/","title":{"rendered":"Datganiad Preifatrwydd"},"content":{"rendered":"<div class=\"npt-content-wrap\">\n<p>Mae gan Gyngor Bwrdeistref Sirol Castell-nedd Port Talbot drefn Diogelu Data ar waith er mwyn goruchwylio prosesu eich data personol yn effeithiol ac yn ddiogel: yn unol \u00e2 gofynion Rheoliad Diogelu Data Cyffredinol 2016 (GDPR) a Deddf Diogelu Data 2018 (DPA).<\/p>\n\n<p>Drwy ddarparu eich gwybodaeth bersonol i&#8217;r cyngor (gan gynnwys unrhyw wybodaeth bersonol a ddarperir i ni drwy gymwysiadau gwasanaeth yn y wefan hon (www.BusinessinNeathPortTalbot.com) rydych yn cydnabod mai Cyngor Bwrdeistref Sirol Castell-nedd Port Talbot (y cyngor) yw&#8217;r rheolwr data ar gyfer yr wybodaeth bersonol a ddarperir i ni.<\/p>\n\n<h2 class=\"wp-block-heading\">Cwcis<\/h2>\n\n<p>Ffeiliau testun yw cwcis sy&#8217;n cynnwys darnau bach o wybodaeth sy&#8217;n cael eu lawrlwytho i&#8217;ch dyfais pan fyddwch yn ymweld \u00e2 gwefan. Yna caiff cwcis eu hanfon yn \u00f4l i&#8217;r wefan wreiddiol ar bob ymweliad dilynol, neu i wefan arall sy&#8217;n cydnabod y cwci hwnnw. Mae cwcis yn ddefnyddiol oherwydd eu bod yn caniat\u00e1u i wefan adnabod dyfais defnyddiwr.<\/p>\n\n<p>Gallwch ddod o hyd i fwy o wybodaeth am gwcis yn:<\/p>\n\n<ul class=\"wp-block-list\">\n<li><a href=\"http:\/\/www.allaboutcookies.org\/\">www.allaboutcookies.org<\/a><\/li>\n\n\n\n<li>and <a href=\"http:\/\/www.youronlinechoices.eu\/\">www.youronlinechoices.eu<\/a><\/li>\n<\/ul>\n\n<h2 class=\"wp-block-heading\">Cwcis a ddefnyddir ar ein gwefan<\/h2>\n\n<p><strong>Cwcis Angenrheidiol<\/strong><\/p>\n\n<figure class=\"wp-block-table\"><table><tbody><tr><td>Enw Cwcis<\/td><td>Amser dod i ben<\/td><td>Disgrifiad<\/td><\/tr><tr><td>__cf_bm<\/td><td>30 munud<\/td><td>Mae cynhyrchion bot Cloudflare yn nodi ac yn lliniaru traffig awtomataidd i amddiffyn eich safle rhag bots drwg. Mae Cloudflare yn gosod y cwci __cf_bm ar ddyfeisiau defnyddwyr terfynol sy&#8217;n cyrchu gwefannau cwsmeriaid sy&#8217;n cael eu diogelu gan Bot Management neu Bot Fight Mode. Mae&#8217;r cwci __cf_bm yn angenrheidiol ar gyfer gweithrediad cywir yr atebion bot hyn.<\/td><\/tr><tr><td>CookieControl<\/td><td>1 mis<\/td><td>Defnyddir y cwci hwn gan civicuk.com gwasanaeth i gofio dewisiadau caniat\u00e2d cwcis ymwelwyr. Mae angen civicuk.com faner cwci i weithio&#8217;n iawn.<\/td><\/tr><\/tbody><\/table><\/figure>\n\n<p><strong>Cwcis Dadansoddol<\/strong><\/p>\n\n<figure class=\"wp-block-table\"><table><tbody><tr><td>Enw Cwcis<\/td><td>Amser dod i ben<\/td><td>Disgrifiad<\/td><\/tr><tr><td>_ga<\/td><td>1 mlynedd<\/td><td>Mae&#8217;r enw cwci hwn yn gysylltiedig \u00e2 Google Universal Analytics \u2013 sy&#8217;n ddiweddariad sylweddol i wasanaeth dadansoddeg Google a ddefnyddir yn fwy cyffredin. Defnyddir y cwci hwn i wahaniaethu rhwng defnyddwyr unigryw trwy neilltuo rhif a gynhyrchir ar hap fel dynodwr cleient. Fe&#8217;i cynhwysir ym mhob cais tudalen mewn safle a&#8217;i ddefnyddio i gyfrifo data ymwelwyr, sesiynau ac ymgyrchu ar gyfer adroddiadau dadansoddeg y safleoedd.<\/td><\/tr><tr><td><br\/>_ga_L93S13J4LW<\/td><td>1 mlynedd<\/td><td>Mae&#8217;r cwci hwn yn cael ei ddefnyddio gan Google Analytics i barhau \u00e2 chyflwr y sesiwn.<\/td><\/tr><\/tbody><\/table><\/figure>\n\n<p><strong>Pam mae angen eich data arnom?<\/strong><\/p>\n\n<p>Bydd eich gwybodaeth yn cael ei defnyddio gan y cyngor ar gyfer un neu fwy o&#8217;r dibenion canlynol:-<\/p>\n\n<ul class=\"wp-block-list\">\n<li>Mae&#8217;r prosesu&#8217;n angenrheidiol ar gyfer perfformiad contract gyda&#8217;ch hun neu er mwyn cymryd camau, ar eich cais, cyn ymrwymo i gontract o&#8217;r fath;<\/li>\n\n\n\n<li>Mae&#8217;r prosesu&#8217;n angenrheidiol er mwyn i&#8217;r cyngor gydymffurfio \u00e2 rhwymedigaeth gyfreithiol;<\/li>\n\n\n\n<li>Mae&#8217;r prosesu&#8217;n angenrheidiol er mwyn perfformio tasg er budd y cyhoedd gan y cyngor neu fel rhan o arfer awdurdod swyddogol sydd gan y cyngor;<\/li>\n\n\n\n<li>Mae&#8217;r prosesu&#8217;n angenrheidiol at ddibenion buddiannau cyfreithlon a ddilynir gan y cyngor neu drydydd parti.<\/li>\n<\/ul>\n\n<p><em>Ni fydd y cyngor yn prosesu eich gwybodaeth bersonol at unrhyw ddiben arall heblaw am y rheiny a nodir uchod.<\/em><\/p>\n\n<p>Sylwer bod yr holl gymwysiadau gwasanaeth ar y wefan hon wedi&#8217;u dylunio i gasglu data personol gennych chi, gyda&#8217;r bwriad o ddarparu gwasanaeth (neu wasanaethau) i chi neu alluogi&#8217;r cyngor i gynnal ei swyddogaethau cyhoeddus a\/neu fusnes cyfreithlon. Felly, mae pob cymhwysiad ar y wefan yn darparu manylion o ran diben (neu ddibenion) defnyddio eich gwybodaeth. Mae pob cymhwysiad gwasanaeth hefyd yn darparu manylion sail gyfreithiol berthnasol y GDPR y mae&#8217;r cyngor yn ddibynnol arni (er mwyn prosesu eich data personol yn gyfreithlon), ar ffurf Hysbysiad Preifatrwydd penodol ar gyfer pob cymhwysiad penodol.<\/p>\n\n<p><strong>Beth rydym yn ei wneud ag ef?<\/strong><\/p>\n\n<p>Prosesir yr holl ddata personol rydym yn ei brosesu gan ein staff yn y Deyrnas Unedig. At ddibenion lletya TG a chynnal a chadw, cedwir yr wybodaeth hon ar weinyddion yn yr Undeb Ewropeaidd ac ni fydd yn cael ei throsglwyddo y tu allan i&#8217;r Undeb Ewropeaidd.<\/p>\n\n<p>Ni fydd y cyngor yn defnyddio&#8217;ch data personol at ddibenion gwneud penderfyniadau awtomataidd.<\/p>\n\n<p>Efallai y bydd eich gwybodaeth yn cael ei rhannu ag adrannau&#8217;r cyngor hyd y caniateir hynny gan y gyfraith ac ni fyddwn yn rhannu&#8217;ch data \u00e2 thrydydd part\u00efon oni bai fod rhaid i ni neu fod gennym ganiat\u00e2d i wneud hynny yn \u00f4l y gyfraith (e.e. o dan y GDPR, y DPA neu unrhyw ddeddfwriaeth arall).<\/p>\n\n<p>Byddwn yn rhannu eich data personol yn ddiogel \u00e2 darparwyr gwasanaethau sy&#8217;n cyflawni cyfrifoldebau ar ran y cyngor, ond byddwn yn sicrhau bod gwybodaeth o&#8217;r fath yn cael ei diogelu drwy Drefniadau Prosesu Data sy&#8217;n cydymffurfio \u00e2&#8217;r GDPR.<\/p>\n\n<p><strong>Am faint o amser rydym yn cadw&#8217;r data?<\/strong><\/p>\n\n<p>Bydd yr wybodaeth yn cael ei chadw gan y cyngor yn unol \u00e2 gofynion a nodwyd mewn deddfwriaeth ac, yn gyffredinol (yn amodol ar unrhyw ofynion cyfreithiol i&#8217;r gwrthwyneb), am o leiaf 6 blynedd. Er hynny, lle rydych wedi darparu gwybodaeth at ddibenion marchnata, bydd yr wybodaeth hon yn cael ei chadw gennym tan eich bod yn rhoi gwybod i ni nad ydych am dderbyn yr wybodaeth hon mwyach.<\/p>\n\n<p>Am fwy o wybodaeth am ein cyfnodau cadw, cyfeiriwch at yr Hysbysiad Preifatrwydd penodol sy&#8217;n berthnasol i&#8217;r cymhwysiad gwasanaeth penodol rydych yn ei ddefnyddio ar ein gwefan.<\/p>\n\n<p><strong>Beth yw eich hawliau chi?<\/strong><\/p>\n\n<p>O dan y GDPR, mae gennych yr hawliau canlynol mewn perthynas \u00e2&#8217;ch data personol:<\/p>\n\n<ul class=\"wp-block-list\">\n<li>Hawl i gael mynediad at eich data personol a gedwir gan y cyngor;<\/li>\n\n\n\n<li>Hawl i gywiro unrhyw wallau yn eich data personol;<\/li>\n\n\n\n<li>Hawl i ddileu data personol a gedwir gan y cyngor (mewn amgylchiadau penodol);<\/li>\n\n\n\n<li>Hawl i gyfyngu ar brosesu eich data personol (mewn amgylchiadau penodol);<\/li>\n\n\n\n<li>Hawl i wrthwynebu i&#8217;r cyngor ddefnyddio eich data personol at ddibenion marchnata uniongyrchol;<\/li>\n\n\n\n<li>Hawl i drosglwyddo data (mewn amgylchiadau penodol).<\/li>\n<\/ul>\n\n<p>Gellir cael mwy o wybodaeth am yr hawliau uchod o Swyddfa&#8217;r Comisiynydd Gwybodaeth; gellir hefyd gael gwybodaeth ar wefan y Comisiynydd Gwybodaeth (www.ico.org.uk).<\/p>\n\n<p>Os ydych am wrthwynebu i&#8217;r cyngor ddefnyddio&#8217;r wybodaeth hon neu am ddiwygio unrhyw wybodaeth, gallwch hysbysu&#8217;r cyngor ar unrhyw adeg, a fydd yn ystyried unrhyw gais, ond sylwer, gall hyn gael effaith ar natur y gwasanaethau y bydd y cyngor yn eu darparu i chi.<\/p>\n\n<p>Hefyd, sylwer bod peth gwybodaeth bersonol y mae&#8217;n rhaid i&#8217;r cyngor ei chadw amdanoch o ganlyniad i&#8217;n gofynion cyfreithiol ac os ydych yn methu darparu&#8217;r wybodaeth hon neu&#8217;n methu darparu gwybodaeth gywir gallech wynebu achos cyfreithiol.<\/p>\n\n<p>Os ar unrhyw adeg y credwch fod yr wybodaeth bersonol rydym yn ei phrosesu amdanoch chi&#8217;n anghywir, gallwch ofyn i weld yr wybodaeth hon ac iddi gael ei chywiro neu ei dileu. Os ydych am gwyno am sut rydym wedi trafod eich data personol, gallwch gysylltu \u00e2&#8217;n Swyddog Diogelu Data a fydd yn ymchwilio i&#8217;r mater.<\/p>\n\n<p>Mae&#8217;n bosib cysylltu \u00e2&#8217;n Swyddog Diogelu Data yn y cyfeiriad canlynol: Cyfarwyddiaeth Cyllid a Gwasanaethau Corfforaethol, Canolfan Ddinesig, Port Talbot SA13 1PJ<\/p>\n\n<p>Os ydych wedi cyflwyno cais a\/neu g\u0175yn i&#8217;r cyngor ac nid ydych yn fodlon ar ein hymateb, neu rydych yn credu ein bod yn prosesu eich data personol mewn modd nad yw&#8217;n cydymffurfio \u00e2&#8217;r gyfraith, gallwch gyflwyno cwyn yn uniongyrchol i Swyddfa&#8217;r Comisiynydd Gwybodaeth.<\/p>\n\n<p>Gellir dod o hyd i fanylion cyswllt Swyddfa&#8217;r Comisiynydd Gwybodaeth ar ei gwefan: (www.ico.org.uk).<\/p>\n\n<p><\/p>\n<\/div>","protected":false},"excerpt":{"rendered":"<p>Mae gan Gyngor Bwrdeistref Sirol Castell-nedd Port Talbot drefn Diogelu Data ar waith er mwyn goruchwylio prosesu eich data personol yn effeithiol ac yn ddiogel: yn unol \u00e2 gofynion Rheoliad Diogelu Data Cyffredinol 2016 (GDPR) a Deddf Diogelu Data 2018 (DPA). Drwy ddarparu eich gwybodaeth bersonol i&#8217;r cyngor (gan gynnwys unrhyw wybodaeth bersonol a ddarperir [&hellip;]<\/p>\n","protected":false},"author":1,"featured_media":1007,"parent":0,"menu_order":72,"comment_status":"closed","ping_status":"closed","template":"","meta":{"_acf_changed":false,"footnotes":""},"class_list":["post-1112","page","type-page","status-publish","has-post-thumbnail","hentry"],"acf":[],"yoast_head":"<!-- This site is optimized with the Yoast SEO plugin v27.3 - https:\/\/yoast.com\/product\/yoast-seo-wordpress\/ -->\n<title>Privacy Policy | Business Support Services | Neath Port Talbot<\/title>\n<meta name=\"description\" content=\"Datganiad Preifatrwydd Find business advice and information about business grants in Neath Port Talbot. Learn about our privacy policy.\" \/>\n<meta name=\"robots\" content=\"index, follow, max-snippet:-1, max-image-preview:large, max-video-preview:-1\" \/>\n<link rel=\"canonical\" href=\"https:\/\/businessinneathporttalbot.com\/cy\/datganiad-preifatrwydd\/\" \/>\n<meta property=\"og:locale\" content=\"cy_GB\" \/>\n<meta property=\"og:type\" content=\"article\" \/>\n<meta property=\"og:title\" content=\"Privacy Policy | Business Support Services | Neath Port Talbot\" \/>\n<meta property=\"og:description\" content=\"Datganiad Preifatrwydd Find business advice and information about business grants in Neath Port Talbot. Learn about our privacy policy.\" \/>\n<meta property=\"og:url\" content=\"https:\/\/businessinneathporttalbot.com\/cy\/datganiad-preifatrwydd\/\" \/>\n<meta property=\"og:site_name\" content=\"Neath Port Talbot Council\" \/>\n<meta property=\"article:modified_time\" content=\"2024-05-22T09:06:52+00:00\" \/>\n<meta property=\"og:image\" content=\"https:\/\/businessinneathporttalbot.com\/wp-content\/uploads\/2023\/11\/places-scaled-1.jpg\" \/>\n\t<meta property=\"og:image:width\" content=\"2560\" \/>\n\t<meta property=\"og:image:height\" content=\"1700\" \/>\n\t<meta property=\"og:image:type\" content=\"image\/jpeg\" \/>\n<meta name=\"twitter:card\" content=\"summary_large_image\" \/>\n<meta name=\"twitter:label1\" content=\"Est. reading time\" \/>\n\t<meta name=\"twitter:data1\" content=\"6 minutes\" \/>\n<script type=\"application\/ld+json\" class=\"yoast-schema-graph\">{\"@context\":\"https:\\\/\\\/schema.org\",\"@graph\":[{\"@type\":\"WebPage\",\"@id\":\"https:\\\/\\\/businessinneathporttalbot.com\\\/cy\\\/datganiad-preifatrwydd\\\/\",\"url\":\"https:\\\/\\\/businessinneathporttalbot.com\\\/cy\\\/datganiad-preifatrwydd\\\/\",\"name\":\"Privacy Policy | Business Support Services | Neath Port Talbot\",\"isPartOf\":{\"@id\":\"https:\\\/\\\/businessinneathporttalbot.com\\\/cy\\\/#website\"},\"primaryImageOfPage\":{\"@id\":\"https:\\\/\\\/businessinneathporttalbot.com\\\/cy\\\/datganiad-preifatrwydd\\\/#primaryimage\"},\"image\":{\"@id\":\"https:\\\/\\\/businessinneathporttalbot.com\\\/cy\\\/datganiad-preifatrwydd\\\/#primaryimage\"},\"thumbnailUrl\":\"https:\\\/\\\/businessinneathporttalbot.com\\\/wp-content\\\/uploads\\\/2023\\\/11\\\/places-scaled-1.jpg\",\"datePublished\":\"2023-02-08T11:06:55+00:00\",\"dateModified\":\"2024-05-22T09:06:52+00:00\",\"description\":\"Datganiad Preifatrwydd Find business advice and information about business grants in Neath Port Talbot. Learn about our privacy policy.\",\"breadcrumb\":{\"@id\":\"https:\\\/\\\/businessinneathporttalbot.com\\\/cy\\\/datganiad-preifatrwydd\\\/#breadcrumb\"},\"inLanguage\":\"cy-GB\",\"potentialAction\":[{\"@type\":\"ReadAction\",\"target\":[\"https:\\\/\\\/businessinneathporttalbot.com\\\/cy\\\/datganiad-preifatrwydd\\\/\"]}]},{\"@type\":\"ImageObject\",\"inLanguage\":\"cy-GB\",\"@id\":\"https:\\\/\\\/businessinneathporttalbot.com\\\/cy\\\/datganiad-preifatrwydd\\\/#primaryimage\",\"url\":\"https:\\\/\\\/businessinneathporttalbot.com\\\/wp-content\\\/uploads\\\/2023\\\/11\\\/places-scaled-1.jpg\",\"contentUrl\":\"https:\\\/\\\/businessinneathporttalbot.com\\\/wp-content\\\/uploads\\\/2023\\\/11\\\/places-scaled-1.jpg\",\"width\":2560,\"height\":1700},{\"@type\":\"BreadcrumbList\",\"@id\":\"https:\\\/\\\/businessinneathporttalbot.com\\\/cy\\\/datganiad-preifatrwydd\\\/#breadcrumb\",\"itemListElement\":[{\"@type\":\"ListItem\",\"position\":1,\"name\":\"Home\",\"item\":\"https:\\\/\\\/businessinneathporttalbot.com\\\/cy\\\/cartref\\\/\"},{\"@type\":\"ListItem\",\"position\":2,\"name\":\"Datganiad Preifatrwydd\"}]},{\"@type\":\"WebSite\",\"@id\":\"https:\\\/\\\/businessinneathporttalbot.com\\\/cy\\\/#website\",\"url\":\"https:\\\/\\\/businessinneathporttalbot.com\\\/cy\\\/\",\"name\":\"Neath Port Talbot Council\",\"description\":\"\",\"publisher\":{\"@id\":\"https:\\\/\\\/businessinneathporttalbot.com\\\/cy\\\/#organization\"},\"potentialAction\":[{\"@type\":\"SearchAction\",\"target\":{\"@type\":\"EntryPoint\",\"urlTemplate\":\"https:\\\/\\\/businessinneathporttalbot.com\\\/cy\\\/?s={search_term_string}\"},\"query-input\":{\"@type\":\"PropertyValueSpecification\",\"valueRequired\":true,\"valueName\":\"search_term_string\"}}],\"inLanguage\":\"cy-GB\"},{\"@type\":\"Organization\",\"@id\":\"https:\\\/\\\/businessinneathporttalbot.com\\\/cy\\\/#organization\",\"name\":\"Neath Port Talbot Council\",\"url\":\"https:\\\/\\\/businessinneathporttalbot.com\\\/cy\\\/\",\"logo\":{\"@type\":\"ImageObject\",\"inLanguage\":\"cy-GB\",\"@id\":\"https:\\\/\\\/businessinneathporttalbot.com\\\/cy\\\/#\\\/schema\\\/logo\\\/image\\\/\",\"url\":\"https:\\\/\\\/businessinneathporttalbot.com\\\/wp-content\\\/uploads\\\/2023\\\/02\\\/Logo.png\",\"contentUrl\":\"https:\\\/\\\/businessinneathporttalbot.com\\\/wp-content\\\/uploads\\\/2023\\\/02\\\/Logo.png\",\"width\":824,\"height\":170,\"caption\":\"Neath Port Talbot Council\"},\"image\":{\"@id\":\"https:\\\/\\\/businessinneathporttalbot.com\\\/cy\\\/#\\\/schema\\\/logo\\\/image\\\/\"}}]}<\/script>\n<!-- \/ Yoast SEO plugin. -->","yoast_head_json":{"title":"Privacy Policy | Business Support Services | Neath Port Talbot","description":"Datganiad Preifatrwydd Find business advice and information about business grants in Neath Port Talbot. Learn about our privacy policy.","robots":{"index":"index","follow":"follow","max-snippet":"max-snippet:-1","max-image-preview":"max-image-preview:large","max-video-preview":"max-video-preview:-1"},"canonical":"https:\/\/businessinneathporttalbot.com\/cy\/datganiad-preifatrwydd\/","og_locale":"cy_GB","og_type":"article","og_title":"Privacy Policy | Business Support Services | Neath Port Talbot","og_description":"Datganiad Preifatrwydd Find business advice and information about business grants in Neath Port Talbot. Learn about our privacy policy.","og_url":"https:\/\/businessinneathporttalbot.com\/cy\/datganiad-preifatrwydd\/","og_site_name":"Neath Port Talbot Council","article_modified_time":"2024-05-22T09:06:52+00:00","og_image":[{"width":2560,"height":1700,"url":"https:\/\/businessinneathporttalbot.com\/wp-content\/uploads\/2023\/11\/places-scaled-1.jpg","type":"image\/jpeg"}],"twitter_card":"summary_large_image","twitter_misc":{"Est. reading time":"6 minutes"},"schema":{"@context":"https:\/\/schema.org","@graph":[{"@type":"WebPage","@id":"https:\/\/businessinneathporttalbot.com\/cy\/datganiad-preifatrwydd\/","url":"https:\/\/businessinneathporttalbot.com\/cy\/datganiad-preifatrwydd\/","name":"Privacy Policy | Business Support Services | Neath Port Talbot","isPartOf":{"@id":"https:\/\/businessinneathporttalbot.com\/cy\/#website"},"primaryImageOfPage":{"@id":"https:\/\/businessinneathporttalbot.com\/cy\/datganiad-preifatrwydd\/#primaryimage"},"image":{"@id":"https:\/\/businessinneathporttalbot.com\/cy\/datganiad-preifatrwydd\/#primaryimage"},"thumbnailUrl":"https:\/\/businessinneathporttalbot.com\/wp-content\/uploads\/2023\/11\/places-scaled-1.jpg","datePublished":"2023-02-08T11:06:55+00:00","dateModified":"2024-05-22T09:06:52+00:00","description":"Datganiad Preifatrwydd Find business advice and information about business grants in Neath Port Talbot. Learn about our privacy policy.","breadcrumb":{"@id":"https:\/\/businessinneathporttalbot.com\/cy\/datganiad-preifatrwydd\/#breadcrumb"},"inLanguage":"cy-GB","potentialAction":[{"@type":"ReadAction","target":["https:\/\/businessinneathporttalbot.com\/cy\/datganiad-preifatrwydd\/"]}]},{"@type":"ImageObject","inLanguage":"cy-GB","@id":"https:\/\/businessinneathporttalbot.com\/cy\/datganiad-preifatrwydd\/#primaryimage","url":"https:\/\/businessinneathporttalbot.com\/wp-content\/uploads\/2023\/11\/places-scaled-1.jpg","contentUrl":"https:\/\/businessinneathporttalbot.com\/wp-content\/uploads\/2023\/11\/places-scaled-1.jpg","width":2560,"height":1700},{"@type":"BreadcrumbList","@id":"https:\/\/businessinneathporttalbot.com\/cy\/datganiad-preifatrwydd\/#breadcrumb","itemListElement":[{"@type":"ListItem","position":1,"name":"Home","item":"https:\/\/businessinneathporttalbot.com\/cy\/cartref\/"},{"@type":"ListItem","position":2,"name":"Datganiad Preifatrwydd"}]},{"@type":"WebSite","@id":"https:\/\/businessinneathporttalbot.com\/cy\/#website","url":"https:\/\/businessinneathporttalbot.com\/cy\/","name":"Neath Port Talbot Council","description":"","publisher":{"@id":"https:\/\/businessinneathporttalbot.com\/cy\/#organization"},"potentialAction":[{"@type":"SearchAction","target":{"@type":"EntryPoint","urlTemplate":"https:\/\/businessinneathporttalbot.com\/cy\/?s={search_term_string}"},"query-input":{"@type":"PropertyValueSpecification","valueRequired":true,"valueName":"search_term_string"}}],"inLanguage":"cy-GB"},{"@type":"Organization","@id":"https:\/\/businessinneathporttalbot.com\/cy\/#organization","name":"Neath Port Talbot Council","url":"https:\/\/businessinneathporttalbot.com\/cy\/","logo":{"@type":"ImageObject","inLanguage":"cy-GB","@id":"https:\/\/businessinneathporttalbot.com\/cy\/#\/schema\/logo\/image\/","url":"https:\/\/businessinneathporttalbot.com\/wp-content\/uploads\/2023\/02\/Logo.png","contentUrl":"https:\/\/businessinneathporttalbot.com\/wp-content\/uploads\/2023\/02\/Logo.png","width":824,"height":170,"caption":"Neath Port Talbot Council"},"image":{"@id":"https:\/\/businessinneathporttalbot.com\/cy\/#\/schema\/logo\/image\/"}}]}},"featured_image_src":"https:\/\/businessinneathporttalbot.com\/wp-content\/uploads\/2023\/11\/places-scaled-1-600x400.jpg","featured_image_src_square":"https:\/\/businessinneathporttalbot.com\/wp-content\/uploads\/2023\/11\/places-scaled-1-600x600.jpg","_links":{"self":[{"href":"https:\/\/businessinneathporttalbot.com\/cy\/wp-json\/wp\/v2\/pages\/1112","targetHints":{"allow":["GET"]}}],"collection":[{"href":"https:\/\/businessinneathporttalbot.com\/cy\/wp-json\/wp\/v2\/pages"}],"about":[{"href":"https:\/\/businessinneathporttalbot.com\/cy\/wp-json\/wp\/v2\/types\/page"}],"author":[{"embeddable":true,"href":"https:\/\/businessinneathporttalbot.com\/cy\/wp-json\/wp\/v2\/users\/1"}],"replies":[{"embeddable":true,"href":"https:\/\/businessinneathporttalbot.com\/cy\/wp-json\/wp\/v2\/comments?post=1112"}],"version-history":[{"count":0,"href":"https:\/\/businessinneathporttalbot.com\/cy\/wp-json\/wp\/v2\/pages\/1112\/revisions"}],"wp:featuredmedia":[{"embeddable":true,"href":"https:\/\/businessinneathporttalbot.com\/cy\/wp-json\/wp\/v2\/media\/1007"}],"wp:attachment":[{"href":"https:\/\/businessinneathporttalbot.com\/cy\/wp-json\/wp\/v2\/media?parent=1112"}],"curies":[{"name":"wp","href":"https:\/\/api.w.org\/{rel}","templated":true}]}}