{"id":1108,"date":"2023-09-01T10:33:03","date_gmt":"2023-09-01T10:33:03","guid":{"rendered":"https:\/\/businessinneathporttalbot.com\/sgiliau-a-hyfforddiant\/grwp-cymorth-busnes-npt\/"},"modified":"2024-05-22T08:21:10","modified_gmt":"2024-05-22T08:21:10","slug":"grwp-cymorth-busnes-npt","status":"publish","type":"page","link":"https:\/\/businessinneathporttalbot.com\/cy\/sgiliau-a-hyfforddiant\/grwp-cymorth-busnes-npt\/","title":{"rendered":"Gr\u0175p Cymorth Busnes NPT"},"content":{"rendered":"<div class=\"npt-content-wrap\">\t\t<div data-elementor-type=\"wp-page\" data-elementor-id=\"1108\" class=\"elementor elementor-1108 elementor-559\" data-elementor-post-type=\"page\">\n\t\t\t\t\t\t<section class=\"elementor-section elementor-top-section elementor-element elementor-element-22efbcc9 elementor-section-boxed elementor-section-height-default elementor-section-height-default\" data-id=\"22efbcc9\" data-element_type=\"section\" data-e-type=\"section\">\n\t\t\t\t\t\t<div class=\"elementor-container elementor-column-gap-default\">\n\t\t\t\t\t<div class=\"elementor-column elementor-col-100 elementor-top-column elementor-element elementor-element-462d9212\" data-id=\"462d9212\" data-element_type=\"column\" data-e-type=\"column\">\n\t\t\t<div class=\"elementor-widget-wrap elementor-element-populated\">\n\t\t\t\t\t\t<div class=\"elementor-element elementor-element-000248b elementor-widget elementor-widget-heading\" data-id=\"000248b\" data-element_type=\"widget\" data-e-type=\"widget\" data-widget_type=\"heading.default\">\n\t\t\t\t<div class=\"elementor-widget-container\">\n\t\t\t\t\t<h2 class=\"elementor-heading-title elementor-size-default\">Gr\u0175p Cymorth Busnes Castell-nedd Port Talbot - Gwella Cyswllt Cyflogwyr a'n perthynas \u00e2 busnesau.<\/h2>\t\t\t\t<\/div>\n\t\t\t\t<\/div>\n\t\t\t\t<div class=\"elementor-element elementor-element-4dc2f351 elementor-widget elementor-widget-text-editor\" data-id=\"4dc2f351\" data-element_type=\"widget\" data-e-type=\"widget\" data-widget_type=\"text-editor.default\">\n\t\t\t\t<div class=\"elementor-widget-container\">\n\t\t\t\t\t\t\t\t\t<p><\/p>\n<p><strong>Mae&#8217;r Gr\u0175p Cymorth Busnes (BSG) yn dod ag ystod eang o sefydliadau ynghyd a all gefnogi anghenion cyflogaeth a recriwtio busnes, gan gynnwys darpar fuddsoddwyr newydd yn yr ardal a darparu gwybodaeth berthnasol am y mentrau a&#8217;r datblygiadau cymorth busnes diweddaraf.<\/strong><\/p>\n<p>Mae&#8217;r gwasanaeth hwn ar gael am ddim ac mae&#8217;n ffynhonnell hanfodol o wybodaeth i fusnesau sydd eisoes yn bodoli a mewnfuddsoddwyr newydd er mwyn eu helpu i gyrraedd nifer o sefydliadau a&#8217;u gwasanaethau drwy un llwybr.<\/p>\n<p>Mae gweithio gyda&#8217;n gilydd drwy&#8217;r BSG yn dod \u00e2 llawer o fanteision i fusnesau a buddsoddwyr posibl:<br>&#8211; Cwrdd ag anghenion cwmn\u00efau fel cyflogwyr<br>&#8211; Codi ymwybyddiaeth o&#8217;r holl gefnogaeth i gyflogwyr sydd ar gael<br>&#8211; Nodi cyfleoedd sydd \u00e2&#8217;r potensial i greu swyddi lleol<br>&#8211; Sicrhau dull partneriaeth o gefnogi cwmn\u00efau<br>\u2013 Darparu un pwynt cyswllt ar gyfer cael gafael ar gymorth<\/p>\n<p>Bydd cynrychiolydd o&#8217;r BSG yn cwrdd \u00e2 chi i:<br>&#8211; Trafodwch y gefnogaeth sydd ar gael yn benodol i&#8217;ch cwmni<br>&#8211; Nodi unrhyw gyfleoedd hyfforddi a chyflogaeth<\/p>\n<p><\/p>\t\t\t\t\t\t\t\t<\/div>\n\t\t\t\t<\/div>\n\t\t\t\t<div class=\"elementor-element elementor-element-e2ab999 elementor-widget-divider--view-line elementor-widget elementor-widget-divider\" data-id=\"e2ab999\" data-element_type=\"widget\" data-e-type=\"widget\" data-widget_type=\"divider.default\">\n\t\t\t\t<div class=\"elementor-widget-container\">\n\t\t\t\t\t\t\t<div class=\"elementor-divider\">\n\t\t\t<span class=\"elementor-divider-separator\">\n\t\t\t\t\t\t<\/span>\n\t\t<\/div>\n\t\t\t\t\t\t<\/div>\n\t\t\t\t<\/div>\n\t\t\t\t<div class=\"elementor-element elementor-element-40b88cd elementor-widget elementor-widget-text-editor\" data-id=\"40b88cd\" data-element_type=\"widget\" data-e-type=\"widget\" data-widget_type=\"text-editor.default\">\n\t\t\t\t<div class=\"elementor-widget-container\">\n\t\t\t\t\t\t\t\t\t<p><span style=\"color: var( --e-global-color-text );\">I weld sut y gallai eich cwmni elwa o unrhyw gymorth gan y Gr\u0175p Cymorth Busnes, cysylltwch \u00e2<\/span> <span style=\"color: var( --e-global-color-text );\">Savannah Sharpe, Swyddog Buddion Cymunedol, trwy glicio ar y botwm isod:<\/span><\/p>\n\t\t\t\t\t\t\t\t<\/div>\n\t\t\t\t<\/div>\n\t\t\t\t<div class=\"elementor-element elementor-element-9ac1683 elementor-align-left elementor-widget elementor-widget-button\" data-id=\"9ac1683\" data-element_type=\"widget\" data-e-type=\"widget\" data-widget_type=\"button.default\">\n\t\t\t\t<div class=\"elementor-widget-container\">\n\t\t\t\t\t\t\t\t\t<div class=\"elementor-button-wrapper\">\n\t\t\t\t\t<a class=\"elementor-button elementor-button-link elementor-size-sm\" href=\"mailto:s.sharpe@npt.gov.uk\">\n\t\t\t\t\t\t<span class=\"elementor-button-content-wrapper\">\n\t\t\t\t\t\t\t\t\t<span class=\"elementor-button-text\">Cysylltu<\/span>\n\t\t\t\t\t<\/span>\n\t\t\t\t\t<\/a>\n\t\t\t\t<\/div>\n\t\t\t\t\t\t\t\t<\/div>\n\t\t\t\t<\/div>\n\t\t\t\t\t<\/div>\n\t\t<\/div>\n\t\t\t\t\t<\/div>\n\t\t<\/section>\n\t\t\t\t<\/div>\n\t\t<\/div>","protected":false},"excerpt":{"rendered":"<p>Gr\u0175p Cymorth Busnes Castell-nedd Port Talbot &#8211; Gwella Cyswllt Cyflogwyr a&#8217;n perthynas \u00e2 busnesau. Mae&#8217;r Gr\u0175p Cymorth Busnes (BSG) yn dod ag ystod eang o sefydliadau ynghyd a all gefnogi anghenion cyflogaeth a recriwtio busnes, gan gynnwys darpar fuddsoddwyr newydd yn yr ardal a darparu gwybodaeth berthnasol am y mentrau a&#8217;r datblygiadau cymorth busnes diweddaraf. [&hellip;]<\/p>\n","protected":false},"author":3,"featured_media":1042,"parent":1093,"menu_order":98,"comment_status":"closed","ping_status":"closed","template":"","meta":{"_acf_changed":false,"footnotes":""},"class_list":["post-1108","page","type-page","status-publish","has-post-thumbnail","hentry"],"acf":[],"yoast_head":"<!-- This site is optimized with the Yoast SEO plugin v27.3 - https:\/\/yoast.com\/product\/yoast-seo-wordpress\/ -->\n<title>NPT Employer Support Group | Business Support Services | NPT<\/title>\n<meta name=\"description\" content=\"NPT Employer Support Group brings together a wide range of organisations which can support the employment and recruitment needs of a business.\" \/>\n<meta name=\"robots\" content=\"index, follow, max-snippet:-1, max-image-preview:large, max-video-preview:-1\" \/>\n<link rel=\"canonical\" href=\"https:\/\/businessinneathporttalbot.com\/cy\/sgiliau-a-hyfforddiant\/grwp-cymorth-busnes-npt\/\" \/>\n<meta property=\"og:locale\" content=\"cy_GB\" \/>\n<meta property=\"og:type\" content=\"article\" \/>\n<meta property=\"og:title\" content=\"NPT Employer Support Group | Business Support Services | NPT\" \/>\n<meta property=\"og:description\" content=\"NPT Employer Support Group brings together a wide range of organisations which can support the employment and recruitment needs of a business.\" \/>\n<meta property=\"og:url\" content=\"https:\/\/businessinneathporttalbot.com\/cy\/sgiliau-a-hyfforddiant\/grwp-cymorth-busnes-npt\/\" \/>\n<meta property=\"og:site_name\" content=\"Neath Port Talbot Council\" \/>\n<meta property=\"article:modified_time\" content=\"2024-05-22T08:21:10+00:00\" \/>\n<meta property=\"og:image\" content=\"https:\/\/businessinneathporttalbot.com\/wp-content\/uploads\/2024\/03\/john-schnobrich-FlPc9_VocJ4-unsplash-scaled.jpg\" \/>\n\t<meta property=\"og:image:width\" content=\"2560\" \/>\n\t<meta property=\"og:image:height\" content=\"1707\" \/>\n\t<meta property=\"og:image:type\" content=\"image\/jpeg\" \/>\n<meta name=\"twitter:card\" content=\"summary_large_image\" \/>\n<meta name=\"twitter:label1\" content=\"Est. reading time\" \/>\n\t<meta name=\"twitter:data1\" content=\"1 minute\" \/>\n<script type=\"application\/ld+json\" class=\"yoast-schema-graph\">{\"@context\":\"https:\\\/\\\/schema.org\",\"@graph\":[{\"@type\":\"WebPage\",\"@id\":\"https:\\\/\\\/businessinneathporttalbot.com\\\/cy\\\/sgiliau-a-hyfforddiant\\\/grwp-cymorth-busnes-npt\\\/\",\"url\":\"https:\\\/\\\/businessinneathporttalbot.com\\\/cy\\\/sgiliau-a-hyfforddiant\\\/grwp-cymorth-busnes-npt\\\/\",\"name\":\"NPT Employer Support Group | Business Support Services | NPT\",\"isPartOf\":{\"@id\":\"https:\\\/\\\/businessinneathporttalbot.com\\\/cy\\\/#website\"},\"primaryImageOfPage\":{\"@id\":\"https:\\\/\\\/businessinneathporttalbot.com\\\/cy\\\/sgiliau-a-hyfforddiant\\\/grwp-cymorth-busnes-npt\\\/#primaryimage\"},\"image\":{\"@id\":\"https:\\\/\\\/businessinneathporttalbot.com\\\/cy\\\/sgiliau-a-hyfforddiant\\\/grwp-cymorth-busnes-npt\\\/#primaryimage\"},\"thumbnailUrl\":\"https:\\\/\\\/businessinneathporttalbot.com\\\/wp-content\\\/uploads\\\/2024\\\/03\\\/john-schnobrich-FlPc9_VocJ4-unsplash-scaled.jpg\",\"datePublished\":\"2023-09-01T10:33:03+00:00\",\"dateModified\":\"2024-05-22T08:21:10+00:00\",\"description\":\"NPT Employer Support Group brings together a wide range of organisations which can support the employment and recruitment needs of a business.\",\"breadcrumb\":{\"@id\":\"https:\\\/\\\/businessinneathporttalbot.com\\\/cy\\\/sgiliau-a-hyfforddiant\\\/grwp-cymorth-busnes-npt\\\/#breadcrumb\"},\"inLanguage\":\"cy-GB\",\"potentialAction\":[{\"@type\":\"ReadAction\",\"target\":[\"https:\\\/\\\/businessinneathporttalbot.com\\\/cy\\\/sgiliau-a-hyfforddiant\\\/grwp-cymorth-busnes-npt\\\/\"]}]},{\"@type\":\"ImageObject\",\"inLanguage\":\"cy-GB\",\"@id\":\"https:\\\/\\\/businessinneathporttalbot.com\\\/cy\\\/sgiliau-a-hyfforddiant\\\/grwp-cymorth-busnes-npt\\\/#primaryimage\",\"url\":\"https:\\\/\\\/businessinneathporttalbot.com\\\/wp-content\\\/uploads\\\/2024\\\/03\\\/john-schnobrich-FlPc9_VocJ4-unsplash-scaled.jpg\",\"contentUrl\":\"https:\\\/\\\/businessinneathporttalbot.com\\\/wp-content\\\/uploads\\\/2024\\\/03\\\/john-schnobrich-FlPc9_VocJ4-unsplash-scaled.jpg\",\"width\":2560,\"height\":1707},{\"@type\":\"BreadcrumbList\",\"@id\":\"https:\\\/\\\/businessinneathporttalbot.com\\\/cy\\\/sgiliau-a-hyfforddiant\\\/grwp-cymorth-busnes-npt\\\/#breadcrumb\",\"itemListElement\":[{\"@type\":\"ListItem\",\"position\":1,\"name\":\"Home\",\"item\":\"https:\\\/\\\/businessinneathporttalbot.com\\\/cy\\\/cartref\\\/\"},{\"@type\":\"ListItem\",\"position\":2,\"name\":\"Sgiliau a Hyfforddiant\",\"item\":\"https:\\\/\\\/businessinneathporttalbot.com\\\/cy\\\/sgiliau-a-hyfforddiant\\\/\"},{\"@type\":\"ListItem\",\"position\":3,\"name\":\"Gr\u0175p Cymorth Busnes NPT\"}]},{\"@type\":\"WebSite\",\"@id\":\"https:\\\/\\\/businessinneathporttalbot.com\\\/cy\\\/#website\",\"url\":\"https:\\\/\\\/businessinneathporttalbot.com\\\/cy\\\/\",\"name\":\"Neath Port Talbot Council\",\"description\":\"\",\"publisher\":{\"@id\":\"https:\\\/\\\/businessinneathporttalbot.com\\\/cy\\\/#organization\"},\"potentialAction\":[{\"@type\":\"SearchAction\",\"target\":{\"@type\":\"EntryPoint\",\"urlTemplate\":\"https:\\\/\\\/businessinneathporttalbot.com\\\/cy\\\/?s={search_term_string}\"},\"query-input\":{\"@type\":\"PropertyValueSpecification\",\"valueRequired\":true,\"valueName\":\"search_term_string\"}}],\"inLanguage\":\"cy-GB\"},{\"@type\":\"Organization\",\"@id\":\"https:\\\/\\\/businessinneathporttalbot.com\\\/cy\\\/#organization\",\"name\":\"Neath Port Talbot Council\",\"url\":\"https:\\\/\\\/businessinneathporttalbot.com\\\/cy\\\/\",\"logo\":{\"@type\":\"ImageObject\",\"inLanguage\":\"cy-GB\",\"@id\":\"https:\\\/\\\/businessinneathporttalbot.com\\\/cy\\\/#\\\/schema\\\/logo\\\/image\\\/\",\"url\":\"https:\\\/\\\/businessinneathporttalbot.com\\\/wp-content\\\/uploads\\\/2023\\\/02\\\/Logo.png\",\"contentUrl\":\"https:\\\/\\\/businessinneathporttalbot.com\\\/wp-content\\\/uploads\\\/2023\\\/02\\\/Logo.png\",\"width\":824,\"height\":170,\"caption\":\"Neath Port Talbot Council\"},\"image\":{\"@id\":\"https:\\\/\\\/businessinneathporttalbot.com\\\/cy\\\/#\\\/schema\\\/logo\\\/image\\\/\"}}]}<\/script>\n<!-- \/ Yoast SEO plugin. -->","yoast_head_json":{"title":"NPT Employer Support Group | Business Support Services | NPT","description":"NPT Employer Support Group brings together a wide range of organisations which can support the employment and recruitment needs of a business.","robots":{"index":"index","follow":"follow","max-snippet":"max-snippet:-1","max-image-preview":"max-image-preview:large","max-video-preview":"max-video-preview:-1"},"canonical":"https:\/\/businessinneathporttalbot.com\/cy\/sgiliau-a-hyfforddiant\/grwp-cymorth-busnes-npt\/","og_locale":"cy_GB","og_type":"article","og_title":"NPT Employer Support Group | Business Support Services | NPT","og_description":"NPT Employer Support Group brings together a wide range of organisations which can support the employment and recruitment needs of a business.","og_url":"https:\/\/businessinneathporttalbot.com\/cy\/sgiliau-a-hyfforddiant\/grwp-cymorth-busnes-npt\/","og_site_name":"Neath Port Talbot Council","article_modified_time":"2024-05-22T08:21:10+00:00","og_image":[{"width":2560,"height":1707,"url":"https:\/\/businessinneathporttalbot.com\/wp-content\/uploads\/2024\/03\/john-schnobrich-FlPc9_VocJ4-unsplash-scaled.jpg","type":"image\/jpeg"}],"twitter_card":"summary_large_image","twitter_misc":{"Est. reading time":"1 minute"},"schema":{"@context":"https:\/\/schema.org","@graph":[{"@type":"WebPage","@id":"https:\/\/businessinneathporttalbot.com\/cy\/sgiliau-a-hyfforddiant\/grwp-cymorth-busnes-npt\/","url":"https:\/\/businessinneathporttalbot.com\/cy\/sgiliau-a-hyfforddiant\/grwp-cymorth-busnes-npt\/","name":"NPT Employer Support Group | Business Support Services | NPT","isPartOf":{"@id":"https:\/\/businessinneathporttalbot.com\/cy\/#website"},"primaryImageOfPage":{"@id":"https:\/\/businessinneathporttalbot.com\/cy\/sgiliau-a-hyfforddiant\/grwp-cymorth-busnes-npt\/#primaryimage"},"image":{"@id":"https:\/\/businessinneathporttalbot.com\/cy\/sgiliau-a-hyfforddiant\/grwp-cymorth-busnes-npt\/#primaryimage"},"thumbnailUrl":"https:\/\/businessinneathporttalbot.com\/wp-content\/uploads\/2024\/03\/john-schnobrich-FlPc9_VocJ4-unsplash-scaled.jpg","datePublished":"2023-09-01T10:33:03+00:00","dateModified":"2024-05-22T08:21:10+00:00","description":"NPT Employer Support Group brings together a wide range of organisations which can support the employment and recruitment needs of a business.","breadcrumb":{"@id":"https:\/\/businessinneathporttalbot.com\/cy\/sgiliau-a-hyfforddiant\/grwp-cymorth-busnes-npt\/#breadcrumb"},"inLanguage":"cy-GB","potentialAction":[{"@type":"ReadAction","target":["https:\/\/businessinneathporttalbot.com\/cy\/sgiliau-a-hyfforddiant\/grwp-cymorth-busnes-npt\/"]}]},{"@type":"ImageObject","inLanguage":"cy-GB","@id":"https:\/\/businessinneathporttalbot.com\/cy\/sgiliau-a-hyfforddiant\/grwp-cymorth-busnes-npt\/#primaryimage","url":"https:\/\/businessinneathporttalbot.com\/wp-content\/uploads\/2024\/03\/john-schnobrich-FlPc9_VocJ4-unsplash-scaled.jpg","contentUrl":"https:\/\/businessinneathporttalbot.com\/wp-content\/uploads\/2024\/03\/john-schnobrich-FlPc9_VocJ4-unsplash-scaled.jpg","width":2560,"height":1707},{"@type":"BreadcrumbList","@id":"https:\/\/businessinneathporttalbot.com\/cy\/sgiliau-a-hyfforddiant\/grwp-cymorth-busnes-npt\/#breadcrumb","itemListElement":[{"@type":"ListItem","position":1,"name":"Home","item":"https:\/\/businessinneathporttalbot.com\/cy\/cartref\/"},{"@type":"ListItem","position":2,"name":"Sgiliau a Hyfforddiant","item":"https:\/\/businessinneathporttalbot.com\/cy\/sgiliau-a-hyfforddiant\/"},{"@type":"ListItem","position":3,"name":"Gr\u0175p Cymorth Busnes NPT"}]},{"@type":"WebSite","@id":"https:\/\/businessinneathporttalbot.com\/cy\/#website","url":"https:\/\/businessinneathporttalbot.com\/cy\/","name":"Neath Port Talbot Council","description":"","publisher":{"@id":"https:\/\/businessinneathporttalbot.com\/cy\/#organization"},"potentialAction":[{"@type":"SearchAction","target":{"@type":"EntryPoint","urlTemplate":"https:\/\/businessinneathporttalbot.com\/cy\/?s={search_term_string}"},"query-input":{"@type":"PropertyValueSpecification","valueRequired":true,"valueName":"search_term_string"}}],"inLanguage":"cy-GB"},{"@type":"Organization","@id":"https:\/\/businessinneathporttalbot.com\/cy\/#organization","name":"Neath Port Talbot Council","url":"https:\/\/businessinneathporttalbot.com\/cy\/","logo":{"@type":"ImageObject","inLanguage":"cy-GB","@id":"https:\/\/businessinneathporttalbot.com\/cy\/#\/schema\/logo\/image\/","url":"https:\/\/businessinneathporttalbot.com\/wp-content\/uploads\/2023\/02\/Logo.png","contentUrl":"https:\/\/businessinneathporttalbot.com\/wp-content\/uploads\/2023\/02\/Logo.png","width":824,"height":170,"caption":"Neath Port Talbot Council"},"image":{"@id":"https:\/\/businessinneathporttalbot.com\/cy\/#\/schema\/logo\/image\/"}}]}},"featured_image_src":"https:\/\/businessinneathporttalbot.com\/wp-content\/uploads\/2024\/03\/john-schnobrich-FlPc9_VocJ4-unsplash-600x400.jpg","featured_image_src_square":"https:\/\/businessinneathporttalbot.com\/wp-content\/uploads\/2024\/03\/john-schnobrich-FlPc9_VocJ4-unsplash-600x600.jpg","_links":{"self":[{"href":"https:\/\/businessinneathporttalbot.com\/cy\/wp-json\/wp\/v2\/pages\/1108","targetHints":{"allow":["GET"]}}],"collection":[{"href":"https:\/\/businessinneathporttalbot.com\/cy\/wp-json\/wp\/v2\/pages"}],"about":[{"href":"https:\/\/businessinneathporttalbot.com\/cy\/wp-json\/wp\/v2\/types\/page"}],"author":[{"embeddable":true,"href":"https:\/\/businessinneathporttalbot.com\/cy\/wp-json\/wp\/v2\/users\/3"}],"replies":[{"embeddable":true,"href":"https:\/\/businessinneathporttalbot.com\/cy\/wp-json\/wp\/v2\/comments?post=1108"}],"version-history":[{"count":0,"href":"https:\/\/businessinneathporttalbot.com\/cy\/wp-json\/wp\/v2\/pages\/1108\/revisions"}],"up":[{"embeddable":true,"href":"https:\/\/businessinneathporttalbot.com\/cy\/wp-json\/wp\/v2\/pages\/1093"}],"wp:featuredmedia":[{"embeddable":true,"href":"https:\/\/businessinneathporttalbot.com\/cy\/wp-json\/wp\/v2\/media\/1042"}],"wp:attachment":[{"href":"https:\/\/businessinneathporttalbot.com\/cy\/wp-json\/wp\/v2\/media?parent=1108"}],"curies":[{"name":"wp","href":"https:\/\/api.w.org\/{rel}","templated":true}]}}