{"id":1096,"date":"2023-02-15T14:34:42","date_gmt":"2023-02-15T14:34:42","guid":{"rendered":"https:\/\/businessinneathporttalbot.com\/telerau-ac-amodau\/"},"modified":"2024-05-21T14:32:37","modified_gmt":"2024-05-21T14:32:37","slug":"telerau-ac-amodau","status":"publish","type":"page","link":"https:\/\/businessinneathporttalbot.com\/cy\/telerau-ac-amodau\/","title":{"rendered":"Telerau ac Amodau"},"content":{"rendered":"<div class=\"npt-content-wrap\">\t\t<div data-elementor-type=\"wp-page\" data-elementor-id=\"1096\" class=\"elementor elementor-1096 elementor-164\" data-elementor-post-type=\"page\">\n\t\t\t\t\t\t<section class=\"elementor-section elementor-top-section elementor-element elementor-element-4ec3e7f8 elementor-section-boxed elementor-section-height-default elementor-section-height-default\" data-id=\"4ec3e7f8\" data-element_type=\"section\" data-e-type=\"section\">\n\t\t\t\t\t\t<div class=\"elementor-container elementor-column-gap-default\">\n\t\t\t\t\t<div class=\"elementor-column elementor-col-100 elementor-top-column elementor-element elementor-element-463bed1\" data-id=\"463bed1\" data-element_type=\"column\" data-e-type=\"column\">\n\t\t\t<div class=\"elementor-widget-wrap elementor-element-populated\">\n\t\t\t\t\t\t<div class=\"elementor-element elementor-element-dbef745 elementor-widget elementor-widget-text-editor\" data-id=\"dbef745\" data-element_type=\"widget\" data-e-type=\"widget\" data-widget_type=\"text-editor.default\">\n\t\t\t\t<div class=\"elementor-widget-container\">\n\t\t\t\t\t\t\t\t\t<p><strong>Cyffredinol<\/strong><br>Mae gwefan Busnes yng Nghastell-nedd Port Talbot Online yn eiddo i Gyngor Bwrdeistref Sirol Castell-nedd Port Talbot ac mae&#8217;n cael ei chynnal at eich defnydd personol a&#8217;ch gwylio.<br><br>Mae mynediad a defnydd Castell-nedd Port Talbot Online sy&#8217;n cynnwys y telerau ac amodau hyn yn golygu eich bod yn derbyn y telerau ac amodau hyn, sy&#8217;n dod i rym o&#8217;r dyddiad y byddwch yn defnyddio&#8217;r wefan hon gyntaf. Rydym yn cadw&#8217;r hawl i adolygu&#8217;r telerau ac amodau hyn ar unrhyw adeg heb rybudd. Os bydd adolygiad yn digwydd, bydd y telerau ac amodau diwygiedig yn cael eu harddangos ar y tudalennau hyn a bydd y defnydd parhaus o Gastell-nedd Port Talbot Online ar \u00f4l gwneud adolygiad o&#8217;r fath yn golygu eich bod yn derbyn y Telerau ac Amodau diwygiedig.<br><br>Yn unol \u00e2 Safonau&#8217;r Gymraeg a ddaeth i rym ar 1 Ebrill 2016, cyhoeddir yr holl gynnwys yr ydym yn uniongyrchol gyfrifol amdano&#8217;n ddwyieithog. Cyfrifoldeb y safleoedd allanol yr ydym yn cysylltu \u00e2 hwy yw cydymffurfio \u00e2&#8217;u Cynllun Iaith Gymraeg eu hunain, os oes cynllun o&#8217;r fath yn bodoli, neu \u00e2 Safonau&#8217;r Gymraeg.<br><br><strong>Ymwelwyr i&#8217;n gwefannau<\/strong><br>Pan fydd rhywun yn ymweld \u00e2 www.BusinessinNeathPortTalbot.com neu un o&#8217;n safleoedd partner gwesteiwr, cedwir log yn awtomatig y gellir ei ddefnyddio i gasglu gwybodaeth a manylion patrymau ymddygiad ymwelwyr. Rydym yn gwneud hyn i ddarganfod pethau fel nifer yr ymwelwyr \u00e2&#8217;r gwahanol rannau o&#8217;r safle. Rydym yn casglu&#8217;r wybodaeth hon mewn ffordd nad yw&#8217;n adnabod unrhyw un. Nid ydym yn gwneud unrhyw ymdrech i ddarganfod pwy yw unrhyw un sy&#8217;n ymweld \u00e2&#8217;n gwefannau. Ni fyddwn yn cysylltu unrhyw ddata a gasglwyd o&#8217;r wefan hon gydag unrhyw wybodaeth bersonol adnabyddadwy o unrhyw ffynhonnell. Os ydym am gasglu gwybodaeth bersonol adnabyddadwy trwy ein gwefan, byddwn yn blaen am hyn. Byddwn yn ei gwneud yn glir pan fyddwn yn casglu gwybodaeth bersonol ac yn egluro beth rydym yn bwriadu ei wneud ag ef.<br><br>Lle rydym wedi ymgorffori swyddogaethau gan sefydliadau eraill i&#8217;n gwefan, er enghraifft, o SOCITM, Google neu Facebook, nodwch fod prosesu a storio gwybodaeth sy&#8217;n ymwneud \u00e2&#8217;ch ymweliad yn digwydd ar eu gweinyddwyr ac nid ein un ni. Er enghraifft, os ydych chi&#8217;n defnyddio&#8217;r botwm &#8220;hoffi&#8221; Facebook, neu&#8217;n defnyddio&#8217;r cyfleuster &#8220;Sylwadau&#8221; Facebook, cedwir cofnod o&#8217;r wybodaeth hon gan Facebook, ac nid gan CNPT.<br><br><strong>Cwcis<\/strong><br>Beth yw cwci?<br>Ffeiliau testun yw cwcis sy&#8217;n cynnwys darnau bach o wybodaeth sy&#8217;n cael eu lawrlwytho i&#8217;ch dyfais pan fyddwch yn ymweld \u00e2 gwefan. Yna caiff cwcis eu hanfon yn \u00f4l i&#8217;r wefan wreiddiol ar bob ymweliad dilynol, neu i wefan arall sy&#8217;n cydnabod y cwci hwnnw. Mae cwcis yn ddefnyddiol oherwydd eu bod yn caniat\u00e1u i wefan adnabod dyfais defnyddiwr.<br><br>Gallwch ddod o hyd i fwy o wybodaeth am gwcis yn:<br><em>www.allaboutcookies.org<\/em><br>and <em>www.youronlinechoices.eu<\/em><\/p>\n<p>Mae cwcis yn gwneud llawer o wahanol swyddi, fel gadael i chi lywio rhwng tudalennau&#8217;n effeithlon, cofio&#8217;ch dewisiadau, a gwella profiad y defnyddiwr yn gyffredinol. Gallant hefyd helpu i sicrhau bod hysbysebion a welwch ar-lein yn fwy perthnasol i chi a&#8217;ch diddordebau.<br><br>Gallwch ddileu a rhwystro pob cwci o&#8217;r wefan hon, ond ni fydd rhannau o&#8217;r wefan yn gweithio.<br><br>Mae&#8217;r rhan fwyaf o borwyr gwe yn caniat\u00e1u rhywfaint o reolaeth dros y rhan fwyaf o gwcis trwy osodiadau&#8217;r porwr.<br><br>Rydym yn defnyddio Google Analytics i gasglu gwybodaeth am sut mae pobl yn defnyddio&#8217;r wefan hon. Rydym yn gwneud hyn i sicrhau ei fod yn diwallu anghenion ei ddefnyddwyr ac i ddeall sut y gallem ei wneud yn well Mae Google Analytics yn storio gwybodaeth am ba dudalennau rydych chi&#8217;n ymweld \u00e2 nhw, pa mor hir rydych chi ar y wefan, sut wnaethoch chi gyrraedd yma a beth rydych chi&#8217;n clicio arno. Ni ellir defnyddio&#8217;r wybodaeth hon i&#8217;ch adnabod ac nid ydym yn caniat\u00e1u i Google ddefnyddio ein data dadansoddol.<br><br>I ddewis peidio \u00e2 chael eich tracio gan Google Analytics ar draws pob gwefan, ewch i http:\/\/tools.google.com\/dlpage\/gaoptout.<br><br><strong>Ymwadiad<\/strong><br>Darperir gwefan ar-lein Busnes yng Nghastell-nedd Port Talbot a deunyddiau sy&#8217;n ymwneud \u00e2 gwybodaeth, cynhyrchion a gwasanaethau Cyngor Bwrdeistref Sirol Castell-nedd Port Talbot (neu wybodaeth, cynhyrchion a gwasanaethau trydydd parti), &#8216;fel y mae&#8217; heb unrhyw gynrychiolaeth na chymeradwyaeth a heb warant o unrhyw fath boed yn amlwg neu&#8217;n ymhlyg, gan gynnwys ond heb fod yn gyfyngedig i&#8217;r gwarantau ymhlyg o ansawdd boddhaol, addasrwydd at ddiben penodol, di-dorri, cydnawsedd, diogelwch a chywirdeb. Nid ydym yn gwarantu y bydd y swyddogaethau a gynhwysir yn y deunydd a gynhwysir yn y wefan hon yn ddi-dor neu&#8217;n ddi-wall, y bydd diffygion yn cael eu cywiro, neu fod y wefan hon neu&#8217;r gweinydd sy&#8217;n ei gwneud ar gael yn rhydd o firysau neu&#8217;n cynrychioli ymarferoldeb llawn, cywirdeb, dibynadwyedd y deunyddiau. Ni fyddwn yn atebol am unrhyw golled neu ddifrod mewn unrhyw achos, gan gynnwys, heb gyfyngiad, colled neu ddifrod anuniongyrchol neu ganlyniadol, nac unrhyw golled neu ddifrod o gwbl sy&#8217;n deillio o ddefnyddio neu golli defnydd, data neu elw, sy&#8217;n deillio o neu mewn cysylltiad \u00e2&#8217;r defnydd o&#8217;r Busnes yng Nghastell-nedd Port Talbot Online Website.<\/p>\n<p><strong>Cysylltiadau \u00e2 gwefannau eraill<\/strong><br>Er hwylustod i chi, mae Cyngor Bwrdeistref Sirol Castell-nedd Port Talbot yn gwneud pob ymdrech i sicrhau bod y dolenni hyperdestun o&#8217;r Wefan hon i wefannau eraill a weithredir gan endidau eraill yn berthnasol ac yn darparu gwybodaeth ddefnyddiol.<br><br>Os byddwch yn cael mynediad i unrhyw un o&#8217;r gwefannau cysylltiedig hyn, byddwch yn gadael gwefan ar-lein Castell-nedd Port Talbot ac yn gwneud hynny ar eich menter eich hun: mater i chi yw cymryd unrhyw fesurau angenrheidiol i warchod rhag firysau a\/neu gyrff dinistriol\/llygredig eraill.<br><br>Nid ydym yn gyfrifol am unrhyw un o gynnwys y gwefannau cysylltiedig hyn na dibynadwyedd unrhyw wybodaeth a ddarperir ynddynt ac nid ydym yn derbyn unrhyw atebolrwydd o gwbl (boed yn gyfreithiol neu fel arall) am unrhyw golledion neu iawndal gan gynnwys, heb gyfyngiad, colledion anuniongyrchol neu ganlyniadol neu iawndal, sy&#8217;n deillio o neu mewn cysylltiad \u00e2 defnyddio unrhyw un o&#8217;r gwefannau cysylltiedig hyn.<\/p>\n<p>Ni ddylid cymryd cynnwys hypergysylltiadau i wefannau eraill, mewn unrhyw ffordd, i fod yn gymeradwyaeth i unrhyw fath o&#8217;r gwefannau hyn gennym ni ein hunain.<br><br><strong>Diogelu Feirws<\/strong><br>Rydym yn gwneud pob ymdrech i wirio a phrofi deunydd ar bob cam cynhyrchu. Mae bob amser yn ddoeth i chi redeg rhaglen gwrth-firws ar yr holl ddeunydd llwytho i lawr oddi ar y Rhyngrwyd. Ni allwn dderbyn unrhyw gyfrifoldeb am unrhyw golled, aflonyddwch neu ddifrod i&#8217;ch data neu eich system gyfrifiadurol a allai ddigwydd wrth ddefnyddio deunydd sy&#8217;n deillio o&#8217;r wefan hon.<br><br><strong>Hawlfraint<\/strong><br>Mae&#8217;r deunyddiau ar y wefan hon, gan gynnwys heb gyfyngiad unrhyw destun, logo, eiconau, ffotograffau a gwaith celf arall yn hawlfraint deunydd gwarchodedig Cyngor Bwrdeistref Sirol Castell-nedd Port Talbot oni nodir yn wahanol. Gellir defnyddio&#8217;r deunydd hwn a ddiogelir gan hawlfraint heb ein caniat\u00e2d ar yr amod nad yw&#8217;n cael ei atgynhyrchu, ei addasu na&#8217;i ddefnyddio ar gyfer unrhyw fudd ariannol. Dim ond gyda&#8217;n cymeradwyaeth ysgrifenedig benodol y gellir gwneud defnydd masnachol o&#8217;r deunydd hawlfraint hwn.<br><br>Nid yw&#8217;r caniat\u00e2d i ddefnyddio deunyddiau hawlfraint ar y wefan hon yn ymestyn i unrhyw ddeunyddiau y nodir eu bod yn hawlfraint unrhyw drydydd parti: rhaid cael awdurdodiad i ddefnyddio deunyddiau sy&#8217;n hawlfraint trydydd part\u00efon gan y trydydd part\u00efon hynny eu hunain.<br><br>Dylid cyfeirio ceisiadau i ddefnyddio unrhyw ddeunydd hawlfraint Cyngor Bwrdeistref Sirol Castell-nedd Port Talbot at Gyfarwyddiaeth y Prif Weithredwr, y Ganolfan Ddinesig, Port Talbot SA13 1PJ<br><br><strong>Ansawdd Data<\/strong><br>Mae Cyngor Bwrdeistref Sirol Castell-nedd Port Talbot wedi ymrwymo i ddarparu ansawdd uchel yn y wybodaeth y mae&#8217;n ei darparu ar y wefan hon a gwnaed pob ymdrech i sicrhau bod y wybodaeth hon yn gywir ac yn gyfredol. Os ydych chi&#8217;n credu bod unrhyw anghywirdebau neu wybodaeth hen ar y wefan hon, cysylltwch \u00e2&#8217;r Gwefeistr trwy e-bost yn business@npt.gov.uk<br><br><strong>Awdurdodaeth gyfreithiol<\/strong><br>Bydd y Telerau ac Amodau hyn yn cael eu llywodraethu a&#8217;u dehongli yn unol \u00e2 chyfreithiau Cymru a Lloegr. Bydd unrhyw anghydfod sy&#8217;n codi o dan y Telerau ac Amodau hyn yn ddarostyngedig i awdurdodaeth unigryw llysoedd Cymru a Lloegr.<br><br><strong>Cydnabod Hawlfraint<\/strong><br>Mae rhai deunyddiau a gyhoeddir ar y dudalen hon wedi&#8217;u tynnu o wefan Llywodraeth Cymru ac maent yn ddeunyddiau gwarchodedig Hawlfraint y Goron.<br><br><strong>Telerau ac Amodau Trydydd Parti<\/strong><br>Rydym yn defnyddio YouTube i gyflwyno fideos.<br>Telerau Gwasanaeth: <a href=\"https:\/\/www.youtube.com\/static?template=terms\">Telerau Gwasanaeth (youtube.com) <\/a><\/p>\t\t\t\t\t\t\t\t<\/div>\n\t\t\t\t<\/div>\n\t\t\t\t\t<\/div>\n\t\t<\/div>\n\t\t\t\t\t<\/div>\n\t\t<\/section>\n\t\t\t\t<\/div>\n\t\t<\/div>","protected":false},"excerpt":{"rendered":"<p>CyffredinolMae gwefan Busnes yng Nghastell-nedd Port Talbot Online yn eiddo i Gyngor Bwrdeistref Sirol Castell-nedd Port Talbot ac mae&#8217;n cael ei chynnal at eich defnydd personol a&#8217;ch gwylio. Mae mynediad a defnydd Castell-nedd Port Talbot Online sy&#8217;n cynnwys y telerau ac amodau hyn yn golygu eich bod yn derbyn y telerau ac amodau hyn, sy&#8217;n [&hellip;]<\/p>\n","protected":false},"author":1,"featured_media":1030,"parent":0,"menu_order":99,"comment_status":"closed","ping_status":"closed","template":"","meta":{"_acf_changed":false,"footnotes":""},"class_list":["post-1096","page","type-page","status-publish","has-post-thumbnail","hentry"],"acf":[],"yoast_head":"<!-- This site is optimized with the Yoast SEO plugin v27.5 - https:\/\/yoast.com\/product\/yoast-seo-wordpress\/ -->\n<title>Telerau ac Amodau | Business Support Services | Neath Port Talbot<\/title>\n<meta name=\"description\" content=\"Telerau ac Amodau Find business support services, business advice and business grants for your Neath Port Talbot business.\" \/>\n<meta name=\"robots\" content=\"index, follow, max-snippet:-1, max-image-preview:large, max-video-preview:-1\" \/>\n<link rel=\"canonical\" href=\"https:\/\/businessinneathporttalbot.com\/cy\/telerau-ac-amodau\/\" \/>\n<meta property=\"og:locale\" content=\"cy_GB\" \/>\n<meta property=\"og:type\" content=\"article\" \/>\n<meta property=\"og:title\" content=\"Telerau ac Amodau | Business Support Services | Neath Port Talbot\" \/>\n<meta property=\"og:description\" content=\"Telerau ac Amodau Find business support services, business advice and business grants for your Neath Port Talbot business.\" \/>\n<meta property=\"og:url\" content=\"https:\/\/businessinneathporttalbot.com\/cy\/telerau-ac-amodau\/\" \/>\n<meta property=\"og:site_name\" content=\"Neath Port Talbot Council\" \/>\n<meta property=\"article:modified_time\" content=\"2024-05-21T14:32:37+00:00\" \/>\n<meta property=\"og:image\" content=\"https:\/\/businessinneathporttalbot.com\/wp-content\/uploads\/2024\/02\/PortTalbotJan24-0284-scaled.jpg\" \/>\n\t<meta property=\"og:image:width\" content=\"2560\" \/>\n\t<meta property=\"og:image:height\" content=\"1705\" \/>\n\t<meta property=\"og:image:type\" content=\"image\/jpeg\" \/>\n<meta name=\"twitter:card\" content=\"summary_large_image\" \/>\n<meta name=\"twitter:label1\" content=\"Est. reading time\" \/>\n\t<meta name=\"twitter:data1\" content=\"7 minutes\" \/>\n<script type=\"application\/ld+json\" class=\"yoast-schema-graph\">{\"@context\":\"https:\\\/\\\/schema.org\",\"@graph\":[{\"@type\":\"WebPage\",\"@id\":\"https:\\\/\\\/businessinneathporttalbot.com\\\/cy\\\/telerau-ac-amodau\\\/\",\"url\":\"https:\\\/\\\/businessinneathporttalbot.com\\\/cy\\\/telerau-ac-amodau\\\/\",\"name\":\"Telerau ac Amodau | Business Support Services | Neath Port Talbot\",\"isPartOf\":{\"@id\":\"https:\\\/\\\/businessinneathporttalbot.com\\\/cy\\\/#website\"},\"primaryImageOfPage\":{\"@id\":\"https:\\\/\\\/businessinneathporttalbot.com\\\/cy\\\/telerau-ac-amodau\\\/#primaryimage\"},\"image\":{\"@id\":\"https:\\\/\\\/businessinneathporttalbot.com\\\/cy\\\/telerau-ac-amodau\\\/#primaryimage\"},\"thumbnailUrl\":\"https:\\\/\\\/businessinneathporttalbot.com\\\/wp-content\\\/uploads\\\/2024\\\/02\\\/PortTalbotJan24-0284-scaled.jpg\",\"datePublished\":\"2023-02-15T14:34:42+00:00\",\"dateModified\":\"2024-05-21T14:32:37+00:00\",\"description\":\"Telerau ac Amodau Find business support services, business advice and business grants for your Neath Port Talbot business.\",\"breadcrumb\":{\"@id\":\"https:\\\/\\\/businessinneathporttalbot.com\\\/cy\\\/telerau-ac-amodau\\\/#breadcrumb\"},\"inLanguage\":\"cy-GB\",\"potentialAction\":[{\"@type\":\"ReadAction\",\"target\":[\"https:\\\/\\\/businessinneathporttalbot.com\\\/cy\\\/telerau-ac-amodau\\\/\"]}]},{\"@type\":\"ImageObject\",\"inLanguage\":\"cy-GB\",\"@id\":\"https:\\\/\\\/businessinneathporttalbot.com\\\/cy\\\/telerau-ac-amodau\\\/#primaryimage\",\"url\":\"https:\\\/\\\/businessinneathporttalbot.com\\\/wp-content\\\/uploads\\\/2024\\\/02\\\/PortTalbotJan24-0284-scaled.jpg\",\"contentUrl\":\"https:\\\/\\\/businessinneathporttalbot.com\\\/wp-content\\\/uploads\\\/2024\\\/02\\\/PortTalbotJan24-0284-scaled.jpg\",\"width\":2560,\"height\":1705},{\"@type\":\"BreadcrumbList\",\"@id\":\"https:\\\/\\\/businessinneathporttalbot.com\\\/cy\\\/telerau-ac-amodau\\\/#breadcrumb\",\"itemListElement\":[{\"@type\":\"ListItem\",\"position\":1,\"name\":\"Home\",\"item\":\"https:\\\/\\\/businessinneathporttalbot.com\\\/cy\\\/cartref\\\/\"},{\"@type\":\"ListItem\",\"position\":2,\"name\":\"Telerau ac Amodau\"}]},{\"@type\":\"WebSite\",\"@id\":\"https:\\\/\\\/businessinneathporttalbot.com\\\/cy\\\/#website\",\"url\":\"https:\\\/\\\/businessinneathporttalbot.com\\\/cy\\\/\",\"name\":\"Neath Port Talbot Council\",\"description\":\"\",\"publisher\":{\"@id\":\"https:\\\/\\\/businessinneathporttalbot.com\\\/cy\\\/#organization\"},\"potentialAction\":[{\"@type\":\"SearchAction\",\"target\":{\"@type\":\"EntryPoint\",\"urlTemplate\":\"https:\\\/\\\/businessinneathporttalbot.com\\\/cy\\\/?s={search_term_string}\"},\"query-input\":{\"@type\":\"PropertyValueSpecification\",\"valueRequired\":true,\"valueName\":\"search_term_string\"}}],\"inLanguage\":\"cy-GB\"},{\"@type\":\"Organization\",\"@id\":\"https:\\\/\\\/businessinneathporttalbot.com\\\/cy\\\/#organization\",\"name\":\"Neath Port Talbot Council\",\"url\":\"https:\\\/\\\/businessinneathporttalbot.com\\\/cy\\\/\",\"logo\":{\"@type\":\"ImageObject\",\"inLanguage\":\"cy-GB\",\"@id\":\"https:\\\/\\\/businessinneathporttalbot.com\\\/cy\\\/#\\\/schema\\\/logo\\\/image\\\/\",\"url\":\"https:\\\/\\\/businessinneathporttalbot.com\\\/wp-content\\\/uploads\\\/2023\\\/02\\\/Logo.png\",\"contentUrl\":\"https:\\\/\\\/businessinneathporttalbot.com\\\/wp-content\\\/uploads\\\/2023\\\/02\\\/Logo.png\",\"width\":824,\"height\":170,\"caption\":\"Neath Port Talbot Council\"},\"image\":{\"@id\":\"https:\\\/\\\/businessinneathporttalbot.com\\\/cy\\\/#\\\/schema\\\/logo\\\/image\\\/\"}}]}<\/script>\n<!-- \/ Yoast SEO plugin. -->","yoast_head_json":{"title":"Telerau ac Amodau | Business Support Services | Neath Port Talbot","description":"Telerau ac Amodau Find business support services, business advice and business grants for your Neath Port Talbot business.","robots":{"index":"index","follow":"follow","max-snippet":"max-snippet:-1","max-image-preview":"max-image-preview:large","max-video-preview":"max-video-preview:-1"},"canonical":"https:\/\/businessinneathporttalbot.com\/cy\/telerau-ac-amodau\/","og_locale":"cy_GB","og_type":"article","og_title":"Telerau ac Amodau | Business Support Services | Neath Port Talbot","og_description":"Telerau ac Amodau Find business support services, business advice and business grants for your Neath Port Talbot business.","og_url":"https:\/\/businessinneathporttalbot.com\/cy\/telerau-ac-amodau\/","og_site_name":"Neath Port Talbot Council","article_modified_time":"2024-05-21T14:32:37+00:00","og_image":[{"width":2560,"height":1705,"url":"https:\/\/businessinneathporttalbot.com\/wp-content\/uploads\/2024\/02\/PortTalbotJan24-0284-scaled.jpg","type":"image\/jpeg"}],"twitter_card":"summary_large_image","twitter_misc":{"Est. reading time":"7 minutes"},"schema":{"@context":"https:\/\/schema.org","@graph":[{"@type":"WebPage","@id":"https:\/\/businessinneathporttalbot.com\/cy\/telerau-ac-amodau\/","url":"https:\/\/businessinneathporttalbot.com\/cy\/telerau-ac-amodau\/","name":"Telerau ac Amodau | Business Support Services | Neath Port Talbot","isPartOf":{"@id":"https:\/\/businessinneathporttalbot.com\/cy\/#website"},"primaryImageOfPage":{"@id":"https:\/\/businessinneathporttalbot.com\/cy\/telerau-ac-amodau\/#primaryimage"},"image":{"@id":"https:\/\/businessinneathporttalbot.com\/cy\/telerau-ac-amodau\/#primaryimage"},"thumbnailUrl":"https:\/\/businessinneathporttalbot.com\/wp-content\/uploads\/2024\/02\/PortTalbotJan24-0284-scaled.jpg","datePublished":"2023-02-15T14:34:42+00:00","dateModified":"2024-05-21T14:32:37+00:00","description":"Telerau ac Amodau Find business support services, business advice and business grants for your Neath Port Talbot business.","breadcrumb":{"@id":"https:\/\/businessinneathporttalbot.com\/cy\/telerau-ac-amodau\/#breadcrumb"},"inLanguage":"cy-GB","potentialAction":[{"@type":"ReadAction","target":["https:\/\/businessinneathporttalbot.com\/cy\/telerau-ac-amodau\/"]}]},{"@type":"ImageObject","inLanguage":"cy-GB","@id":"https:\/\/businessinneathporttalbot.com\/cy\/telerau-ac-amodau\/#primaryimage","url":"https:\/\/businessinneathporttalbot.com\/wp-content\/uploads\/2024\/02\/PortTalbotJan24-0284-scaled.jpg","contentUrl":"https:\/\/businessinneathporttalbot.com\/wp-content\/uploads\/2024\/02\/PortTalbotJan24-0284-scaled.jpg","width":2560,"height":1705},{"@type":"BreadcrumbList","@id":"https:\/\/businessinneathporttalbot.com\/cy\/telerau-ac-amodau\/#breadcrumb","itemListElement":[{"@type":"ListItem","position":1,"name":"Home","item":"https:\/\/businessinneathporttalbot.com\/cy\/cartref\/"},{"@type":"ListItem","position":2,"name":"Telerau ac Amodau"}]},{"@type":"WebSite","@id":"https:\/\/businessinneathporttalbot.com\/cy\/#website","url":"https:\/\/businessinneathporttalbot.com\/cy\/","name":"Neath Port Talbot Council","description":"","publisher":{"@id":"https:\/\/businessinneathporttalbot.com\/cy\/#organization"},"potentialAction":[{"@type":"SearchAction","target":{"@type":"EntryPoint","urlTemplate":"https:\/\/businessinneathporttalbot.com\/cy\/?s={search_term_string}"},"query-input":{"@type":"PropertyValueSpecification","valueRequired":true,"valueName":"search_term_string"}}],"inLanguage":"cy-GB"},{"@type":"Organization","@id":"https:\/\/businessinneathporttalbot.com\/cy\/#organization","name":"Neath Port Talbot Council","url":"https:\/\/businessinneathporttalbot.com\/cy\/","logo":{"@type":"ImageObject","inLanguage":"cy-GB","@id":"https:\/\/businessinneathporttalbot.com\/cy\/#\/schema\/logo\/image\/","url":"https:\/\/businessinneathporttalbot.com\/wp-content\/uploads\/2023\/02\/Logo.png","contentUrl":"https:\/\/businessinneathporttalbot.com\/wp-content\/uploads\/2023\/02\/Logo.png","width":824,"height":170,"caption":"Neath Port Talbot Council"},"image":{"@id":"https:\/\/businessinneathporttalbot.com\/cy\/#\/schema\/logo\/image\/"}}]}},"featured_image_src":"https:\/\/businessinneathporttalbot.com\/wp-content\/uploads\/2024\/02\/PortTalbotJan24-0284-600x400.jpg","featured_image_src_square":"https:\/\/businessinneathporttalbot.com\/wp-content\/uploads\/2024\/02\/PortTalbotJan24-0284-600x600.jpg","_links":{"self":[{"href":"https:\/\/businessinneathporttalbot.com\/cy\/wp-json\/wp\/v2\/pages\/1096","targetHints":{"allow":["GET"]}}],"collection":[{"href":"https:\/\/businessinneathporttalbot.com\/cy\/wp-json\/wp\/v2\/pages"}],"about":[{"href":"https:\/\/businessinneathporttalbot.com\/cy\/wp-json\/wp\/v2\/types\/page"}],"author":[{"embeddable":true,"href":"https:\/\/businessinneathporttalbot.com\/cy\/wp-json\/wp\/v2\/users\/1"}],"replies":[{"embeddable":true,"href":"https:\/\/businessinneathporttalbot.com\/cy\/wp-json\/wp\/v2\/comments?post=1096"}],"version-history":[{"count":0,"href":"https:\/\/businessinneathporttalbot.com\/cy\/wp-json\/wp\/v2\/pages\/1096\/revisions"}],"wp:featuredmedia":[{"embeddable":true,"href":"https:\/\/businessinneathporttalbot.com\/cy\/wp-json\/wp\/v2\/media\/1030"}],"wp:attachment":[{"href":"https:\/\/businessinneathporttalbot.com\/cy\/wp-json\/wp\/v2\/media?parent=1096"}],"curies":[{"name":"wp","href":"https:\/\/api.w.org\/{rel}","templated":true}]}}