{"id":1092,"date":"2023-08-24T15:46:26","date_gmt":"2023-08-24T15:46:26","guid":{"rendered":"https:\/\/businessinneathporttalbot.com\/unedau-diwydiannol-y-cymoedd\/"},"modified":"2024-05-22T08:17:08","modified_gmt":"2024-05-22T08:17:08","slug":"unedau-diwydiannol-y-cymoedd","status":"publish","type":"page","link":"https:\/\/businessinneathporttalbot.com\/cy\/adfywio\/unedau-diwydiannol-y-cymoedd\/","title":{"rendered":"Unedau Diwydiannol y Cymoedd"},"content":{"rendered":"<div class=\"npt-content-wrap\">\t\t<div data-elementor-type=\"wp-page\" data-elementor-id=\"1092\" class=\"elementor elementor-1092 elementor-532\" data-elementor-post-type=\"page\">\n\t\t\t\t\t\t<section class=\"elementor-section elementor-top-section elementor-element elementor-element-9fa1ffe elementor-section-boxed elementor-section-height-default elementor-section-height-default\" data-id=\"9fa1ffe\" data-element_type=\"section\" data-e-type=\"section\">\n\t\t\t\t\t\t<div class=\"elementor-container elementor-column-gap-default\">\n\t\t\t\t\t<div class=\"elementor-column elementor-col-100 elementor-top-column elementor-element elementor-element-8b34e16\" data-id=\"8b34e16\" data-element_type=\"column\" data-e-type=\"column\">\n\t\t\t<div class=\"elementor-widget-wrap elementor-element-populated\">\n\t\t\t\t\t\t<div class=\"elementor-element elementor-element-17e2989 elementor-widget elementor-widget-heading\" data-id=\"17e2989\" data-element_type=\"widget\" data-e-type=\"widget\" data-widget_type=\"heading.default\">\n\t\t\t\t<div class=\"elementor-widget-container\">\n\t\t\t\t\t<h2 class=\"elementor-heading-title elementor-size-default\">Bwriad y Cyngor yw adeiladu 14 uned fusnes newydd mewn 3 lleoliad o fewn ein cymoedd yn Nant y Cafn, Glyncorrwg, a Chwmgors. <\/h2>\t\t\t\t<\/div>\n\t\t\t\t<\/div>\n\t\t\t\t<div class=\"elementor-element elementor-element-2bcf75b elementor-widget elementor-widget-text-editor\" data-id=\"2bcf75b\" data-element_type=\"widget\" data-e-type=\"widget\" data-widget_type=\"text-editor.default\">\n\t\t\t\t<div class=\"elementor-widget-container\">\n\t\t\t\t\t\t\t\t\t<p>Ar hyn o bryd, mae prinder difrifol o unedau diwydiannol llai o arddull newydd ledled y fwrdeistref sirol, ac mae&#8217;r gweithgaredd hwn yn mynd i&#8217;r afael yn benodol ag angen lleol ac ymyrraeth UKSPF &#8216;Buddsoddi mewn seilwaith menter a phrosiectau datblygu safleoedd cyflogaeth\/arloesi. Gall hyn helpu i ddatgloi prosiectau datblygu safleoedd a fydd yn cefnogi twf mewn mannau&#8217;.<\/p>\n<p>Mae&#8217;r Cyngor hefyd yn berchen ar ac yn rheoli ei stoc ei hun o unedau diwydiannol sy&#8217;n amrywio mewn maint o rai sy&#8217;n addas i \u2018egin\u2019 gwmn\u00efau bach i unedau masnachol mawr a gaiff eu defnyddio gan fusnesau lleol allweddol, gan amrywio o <span style=\"color: var( --e-global-color-text );\">463 i 3,950 troedfedd sgw\u00e2r, mewn 11 o barciau busnes ac ystadau busnes gwahanol.<\/span><\/p>\n<p>Mae portffolio&#8217;r cyngor presennol bron i 100% o feddiannaeth, ac mae rhestr aros ar gyfer pob yst\u00e2d <span style=\"color: var( --e-global-color-text );\">ddiwydiannol. Er mwyn ateb y galw hwn, byddwn yn adeiladu 4 uned newydd o tua 1,000 troedfedd sgw\u00e2r yr un ar yr ystadau diwydiannol presennol yng Nglyncorrwg a Chwmgors, a 6 uned newydd ar yr yst\u00e2d ddiwydiannol yn Nant y Cafn, sydd \u00e2 seilwaith sy&#8217;n bodoli eisoes, ond sydd heb ei ddatblygu hyd yma. Bydd yr unedau o adeiladwaith dur bloc a phroffil gyda swyddfa fewnol fach \/ gofod cegin ynghyd \u00e2 w.c. Bydd gan bob un ohonynt ddrws caead rholer fel y prif bwynt mynediad a drws ategol yn y cefn a fydd yn dyblu fel allanfa frys.<\/span><\/p>\n<p>Caiff yr unedau eu hadeiladu gan ddefnyddio contractwr wedi&#8217;i gaffael drwy Fframwaith Adeiladu Rhanbarthol De-orllewin Cymru.<\/p>\n<p>Y prif ffactorau llwyddiant ar gyfer y gwaith yw:<br \/>\u2022 Dylunio adeilad effeithiol, gan fodloni gofynion manyleb y prosiect<br \/>\u2022 Adeiladu unedau busnes o ansawdd uchel.<br \/>\u2022 Sicrhau gwerth am arian drwy gydol y cyfnod hwn.<br \/>\u2022 Cyflwyno&#8217;r prosiect yn brydlon.<br \/>\u2022 Cyflawni prosiect ansawdd.<br \/>\u2022 Digwyddiadau Dim H&amp;S.<\/p>\n<p>Bydd adeiladu&#8217;r 14 uned hyn yng nghymunedau&#8217;r tri chymoedd hyn yn creu arallgyfeirio o&#8217;r economi ac yn cynyddu swyddi a thwf, trwy greu cyfleoedd llety, gan helpu busnesau newydd newydd a busnesau cynhenid presennol fel ei gilydd. O ganlyniad bydd mwy o weithgarwch economaidd hefyd yn gwella GVA&#8217;r rhanbarth. Bydd y prosiect hefyd yn cyfrannu at wneud Castell-nedd Port Talbot yn lle mwy deniadol i fuddsoddi a gwneud busnes ynddo.<\/p>\n<p>Caiff y datblygiadau hyn eu rheoli gan d\u00eem adfywio Cyngor Bwrdeistref Sirol Castell-nedd Port Talbot, gyda chymorth timau cyfreithiol a chaffael mewnol.<\/p>\n<p>Bydd y Cyngor hefyd yn gwneud gwaith rheoli prosiect a dylunio paratoadol, gan fod ganddo wybodaeth fewnol am y meysydd hyn a hanes ardderchog o gyflawni cynlluniau seilwaith ac adfywio cyfalaf o&#8217;r natur hon.<\/p>\n<p><span style=\"font-weight: bolder;\">Canlyniadau erbyn mis Mawrth 2025:<\/span><br \/>\u2022 0.65 erw o dir a ddatblygwyd (2630 metr sgw\u00e2r)<br \/>\u2022 Mangre Cr\u00ebwyd \u2013 14 uned sy&#8217;n dod i gyfanswm o 14,000 troedfedd sgw\u00e2r (1300 metr sgw\u00e2r)<br \/>\u2022 56 o swyddi wedi&#8217;u lleoli<br \/>\u2022 14 SME wedi&#8217;i letya<br \/>\u2022 GVA wedi cynyddu \u00a31,120,000<\/p>\n\t\t\t\t\t\t\t\t<\/div>\n\t\t\t\t<\/div>\n\t\t\t\t\t<\/div>\n\t\t<\/div>\n\t\t\t\t\t<\/div>\n\t\t<\/section>\n\t\t\t\t<\/div>\n\t\t<\/div>","protected":false},"excerpt":{"rendered":"<p>Bwriad y Cyngor yw adeiladu 14 uned fusnes newydd mewn 3 lleoliad o fewn ein cymoedd yn Nant y Cafn, Glyncorrwg, a Chwmgors. Ar hyn o bryd, mae prinder difrifol o unedau diwydiannol llai o arddull newydd ledled y fwrdeistref sirol, ac mae&#8217;r gweithgaredd hwn yn mynd i&#8217;r afael yn benodol ag angen lleol ac [&hellip;]<\/p>\n","protected":false},"author":3,"featured_media":1013,"parent":1107,"menu_order":86,"comment_status":"closed","ping_status":"closed","template":"","meta":{"_acf_changed":false,"footnotes":""},"class_list":["post-1092","page","type-page","status-publish","has-post-thumbnail","hentry"],"acf":[],"yoast_head":"<!-- This site is optimized with the Yoast SEO plugin v27.5 - https:\/\/yoast.com\/product\/yoast-seo-wordpress\/ -->\n<title>Unedau Diwydiannol y Cymoedd | Industrial Space For Rent | NPT<\/title>\n<meta name=\"description\" content=\"Valley industrial units Neath Port Talbot. Find industrial space for rent. Commercial property regeneration projects.\" \/>\n<meta name=\"robots\" content=\"index, follow, max-snippet:-1, max-image-preview:large, max-video-preview:-1\" \/>\n<link rel=\"canonical\" href=\"https:\/\/businessinneathporttalbot.com\/cy\/adfywio\/unedau-diwydiannol-y-cymoedd\/\" \/>\n<meta property=\"og:locale\" content=\"cy_GB\" \/>\n<meta property=\"og:type\" content=\"article\" \/>\n<meta property=\"og:title\" content=\"Unedau Diwydiannol y Cymoedd | Industrial Space For Rent | NPT\" \/>\n<meta property=\"og:description\" content=\"Valley industrial units Neath Port Talbot. Find industrial space for rent. Commercial property regeneration projects.\" \/>\n<meta property=\"og:url\" content=\"https:\/\/businessinneathporttalbot.com\/cy\/adfywio\/unedau-diwydiannol-y-cymoedd\/\" \/>\n<meta property=\"og:site_name\" content=\"Neath Port Talbot Council\" \/>\n<meta property=\"article:modified_time\" content=\"2024-05-22T08:17:08+00:00\" \/>\n<meta property=\"og:image\" content=\"https:\/\/businessinneathporttalbot.com\/wp-content\/uploads\/2024\/01\/VID-header-image-1024x374.jpg\" \/>\n\t<meta property=\"og:image:width\" content=\"1024\" \/>\n\t<meta property=\"og:image:height\" content=\"374\" \/>\n\t<meta property=\"og:image:type\" content=\"image\/jpeg\" \/>\n<meta name=\"twitter:card\" content=\"summary_large_image\" \/>\n<meta name=\"twitter:label1\" content=\"Est. reading time\" \/>\n\t<meta name=\"twitter:data1\" content=\"2 minutes\" \/>\n<script type=\"application\/ld+json\" class=\"yoast-schema-graph\">{\"@context\":\"https:\\\/\\\/schema.org\",\"@graph\":[{\"@type\":\"WebPage\",\"@id\":\"https:\\\/\\\/businessinneathporttalbot.com\\\/cy\\\/adfywio\\\/unedau-diwydiannol-y-cymoedd\\\/\",\"url\":\"https:\\\/\\\/businessinneathporttalbot.com\\\/cy\\\/adfywio\\\/unedau-diwydiannol-y-cymoedd\\\/\",\"name\":\"Unedau Diwydiannol y Cymoedd | Industrial Space For Rent | NPT\",\"isPartOf\":{\"@id\":\"https:\\\/\\\/businessinneathporttalbot.com\\\/cy\\\/#website\"},\"primaryImageOfPage\":{\"@id\":\"https:\\\/\\\/businessinneathporttalbot.com\\\/cy\\\/adfywio\\\/unedau-diwydiannol-y-cymoedd\\\/#primaryimage\"},\"image\":{\"@id\":\"https:\\\/\\\/businessinneathporttalbot.com\\\/cy\\\/adfywio\\\/unedau-diwydiannol-y-cymoedd\\\/#primaryimage\"},\"thumbnailUrl\":\"https:\\\/\\\/businessinneathporttalbot.com\\\/wp-content\\\/uploads\\\/2024\\\/01\\\/VID-header-image-e1709217813888.jpg\",\"datePublished\":\"2023-08-24T15:46:26+00:00\",\"dateModified\":\"2024-05-22T08:17:08+00:00\",\"description\":\"Valley industrial units Neath Port Talbot. Find industrial space for rent. Commercial property regeneration projects.\",\"breadcrumb\":{\"@id\":\"https:\\\/\\\/businessinneathporttalbot.com\\\/cy\\\/adfywio\\\/unedau-diwydiannol-y-cymoedd\\\/#breadcrumb\"},\"inLanguage\":\"cy-GB\",\"potentialAction\":[{\"@type\":\"ReadAction\",\"target\":[\"https:\\\/\\\/businessinneathporttalbot.com\\\/cy\\\/adfywio\\\/unedau-diwydiannol-y-cymoedd\\\/\"]}]},{\"@type\":\"ImageObject\",\"inLanguage\":\"cy-GB\",\"@id\":\"https:\\\/\\\/businessinneathporttalbot.com\\\/cy\\\/adfywio\\\/unedau-diwydiannol-y-cymoedd\\\/#primaryimage\",\"url\":\"https:\\\/\\\/businessinneathporttalbot.com\\\/wp-content\\\/uploads\\\/2024\\\/01\\\/VID-header-image-e1709217813888.jpg\",\"contentUrl\":\"https:\\\/\\\/businessinneathporttalbot.com\\\/wp-content\\\/uploads\\\/2024\\\/01\\\/VID-header-image-e1709217813888.jpg\",\"width\":2000,\"height\":730},{\"@type\":\"BreadcrumbList\",\"@id\":\"https:\\\/\\\/businessinneathporttalbot.com\\\/cy\\\/adfywio\\\/unedau-diwydiannol-y-cymoedd\\\/#breadcrumb\",\"itemListElement\":[{\"@type\":\"ListItem\",\"position\":1,\"name\":\"Home\",\"item\":\"https:\\\/\\\/businessinneathporttalbot.com\\\/cy\\\/cartref\\\/\"},{\"@type\":\"ListItem\",\"position\":2,\"name\":\"Adfywio\",\"item\":\"https:\\\/\\\/businessinneathporttalbot.com\\\/cy\\\/adfywio\\\/\"},{\"@type\":\"ListItem\",\"position\":3,\"name\":\"Unedau Diwydiannol y Cymoedd\"}]},{\"@type\":\"WebSite\",\"@id\":\"https:\\\/\\\/businessinneathporttalbot.com\\\/cy\\\/#website\",\"url\":\"https:\\\/\\\/businessinneathporttalbot.com\\\/cy\\\/\",\"name\":\"Neath Port Talbot Council\",\"description\":\"\",\"publisher\":{\"@id\":\"https:\\\/\\\/businessinneathporttalbot.com\\\/cy\\\/#organization\"},\"potentialAction\":[{\"@type\":\"SearchAction\",\"target\":{\"@type\":\"EntryPoint\",\"urlTemplate\":\"https:\\\/\\\/businessinneathporttalbot.com\\\/cy\\\/?s={search_term_string}\"},\"query-input\":{\"@type\":\"PropertyValueSpecification\",\"valueRequired\":true,\"valueName\":\"search_term_string\"}}],\"inLanguage\":\"cy-GB\"},{\"@type\":\"Organization\",\"@id\":\"https:\\\/\\\/businessinneathporttalbot.com\\\/cy\\\/#organization\",\"name\":\"Neath Port Talbot Council\",\"url\":\"https:\\\/\\\/businessinneathporttalbot.com\\\/cy\\\/\",\"logo\":{\"@type\":\"ImageObject\",\"inLanguage\":\"cy-GB\",\"@id\":\"https:\\\/\\\/businessinneathporttalbot.com\\\/cy\\\/#\\\/schema\\\/logo\\\/image\\\/\",\"url\":\"https:\\\/\\\/businessinneathporttalbot.com\\\/wp-content\\\/uploads\\\/2023\\\/02\\\/Logo.png\",\"contentUrl\":\"https:\\\/\\\/businessinneathporttalbot.com\\\/wp-content\\\/uploads\\\/2023\\\/02\\\/Logo.png\",\"width\":824,\"height\":170,\"caption\":\"Neath Port Talbot Council\"},\"image\":{\"@id\":\"https:\\\/\\\/businessinneathporttalbot.com\\\/cy\\\/#\\\/schema\\\/logo\\\/image\\\/\"}}]}<\/script>\n<!-- \/ Yoast SEO plugin. -->","yoast_head_json":{"title":"Unedau Diwydiannol y Cymoedd | Industrial Space For Rent | NPT","description":"Valley industrial units Neath Port Talbot. Find industrial space for rent. Commercial property regeneration projects.","robots":{"index":"index","follow":"follow","max-snippet":"max-snippet:-1","max-image-preview":"max-image-preview:large","max-video-preview":"max-video-preview:-1"},"canonical":"https:\/\/businessinneathporttalbot.com\/cy\/adfywio\/unedau-diwydiannol-y-cymoedd\/","og_locale":"cy_GB","og_type":"article","og_title":"Unedau Diwydiannol y Cymoedd | Industrial Space For Rent | NPT","og_description":"Valley industrial units Neath Port Talbot. Find industrial space for rent. Commercial property regeneration projects.","og_url":"https:\/\/businessinneathporttalbot.com\/cy\/adfywio\/unedau-diwydiannol-y-cymoedd\/","og_site_name":"Neath Port Talbot Council","article_modified_time":"2024-05-22T08:17:08+00:00","og_image":[{"width":1024,"height":374,"url":"https:\/\/businessinneathporttalbot.com\/wp-content\/uploads\/2024\/01\/VID-header-image-1024x374.jpg","type":"image\/jpeg"}],"twitter_card":"summary_large_image","twitter_misc":{"Est. reading time":"2 minutes"},"schema":{"@context":"https:\/\/schema.org","@graph":[{"@type":"WebPage","@id":"https:\/\/businessinneathporttalbot.com\/cy\/adfywio\/unedau-diwydiannol-y-cymoedd\/","url":"https:\/\/businessinneathporttalbot.com\/cy\/adfywio\/unedau-diwydiannol-y-cymoedd\/","name":"Unedau Diwydiannol y Cymoedd | Industrial Space For Rent | NPT","isPartOf":{"@id":"https:\/\/businessinneathporttalbot.com\/cy\/#website"},"primaryImageOfPage":{"@id":"https:\/\/businessinneathporttalbot.com\/cy\/adfywio\/unedau-diwydiannol-y-cymoedd\/#primaryimage"},"image":{"@id":"https:\/\/businessinneathporttalbot.com\/cy\/adfywio\/unedau-diwydiannol-y-cymoedd\/#primaryimage"},"thumbnailUrl":"https:\/\/businessinneathporttalbot.com\/wp-content\/uploads\/2024\/01\/VID-header-image-e1709217813888.jpg","datePublished":"2023-08-24T15:46:26+00:00","dateModified":"2024-05-22T08:17:08+00:00","description":"Valley industrial units Neath Port Talbot. Find industrial space for rent. Commercial property regeneration projects.","breadcrumb":{"@id":"https:\/\/businessinneathporttalbot.com\/cy\/adfywio\/unedau-diwydiannol-y-cymoedd\/#breadcrumb"},"inLanguage":"cy-GB","potentialAction":[{"@type":"ReadAction","target":["https:\/\/businessinneathporttalbot.com\/cy\/adfywio\/unedau-diwydiannol-y-cymoedd\/"]}]},{"@type":"ImageObject","inLanguage":"cy-GB","@id":"https:\/\/businessinneathporttalbot.com\/cy\/adfywio\/unedau-diwydiannol-y-cymoedd\/#primaryimage","url":"https:\/\/businessinneathporttalbot.com\/wp-content\/uploads\/2024\/01\/VID-header-image-e1709217813888.jpg","contentUrl":"https:\/\/businessinneathporttalbot.com\/wp-content\/uploads\/2024\/01\/VID-header-image-e1709217813888.jpg","width":2000,"height":730},{"@type":"BreadcrumbList","@id":"https:\/\/businessinneathporttalbot.com\/cy\/adfywio\/unedau-diwydiannol-y-cymoedd\/#breadcrumb","itemListElement":[{"@type":"ListItem","position":1,"name":"Home","item":"https:\/\/businessinneathporttalbot.com\/cy\/cartref\/"},{"@type":"ListItem","position":2,"name":"Adfywio","item":"https:\/\/businessinneathporttalbot.com\/cy\/adfywio\/"},{"@type":"ListItem","position":3,"name":"Unedau Diwydiannol y Cymoedd"}]},{"@type":"WebSite","@id":"https:\/\/businessinneathporttalbot.com\/cy\/#website","url":"https:\/\/businessinneathporttalbot.com\/cy\/","name":"Neath Port Talbot Council","description":"","publisher":{"@id":"https:\/\/businessinneathporttalbot.com\/cy\/#organization"},"potentialAction":[{"@type":"SearchAction","target":{"@type":"EntryPoint","urlTemplate":"https:\/\/businessinneathporttalbot.com\/cy\/?s={search_term_string}"},"query-input":{"@type":"PropertyValueSpecification","valueRequired":true,"valueName":"search_term_string"}}],"inLanguage":"cy-GB"},{"@type":"Organization","@id":"https:\/\/businessinneathporttalbot.com\/cy\/#organization","name":"Neath Port Talbot Council","url":"https:\/\/businessinneathporttalbot.com\/cy\/","logo":{"@type":"ImageObject","inLanguage":"cy-GB","@id":"https:\/\/businessinneathporttalbot.com\/cy\/#\/schema\/logo\/image\/","url":"https:\/\/businessinneathporttalbot.com\/wp-content\/uploads\/2023\/02\/Logo.png","contentUrl":"https:\/\/businessinneathporttalbot.com\/wp-content\/uploads\/2023\/02\/Logo.png","width":824,"height":170,"caption":"Neath Port Talbot Council"},"image":{"@id":"https:\/\/businessinneathporttalbot.com\/cy\/#\/schema\/logo\/image\/"}}]}},"featured_image_src":"https:\/\/businessinneathporttalbot.com\/wp-content\/uploads\/2024\/01\/VID-header-image-600x400.jpg","featured_image_src_square":"https:\/\/businessinneathporttalbot.com\/wp-content\/uploads\/2024\/01\/VID-header-image-600x600.jpg","_links":{"self":[{"href":"https:\/\/businessinneathporttalbot.com\/cy\/wp-json\/wp\/v2\/pages\/1092","targetHints":{"allow":["GET"]}}],"collection":[{"href":"https:\/\/businessinneathporttalbot.com\/cy\/wp-json\/wp\/v2\/pages"}],"about":[{"href":"https:\/\/businessinneathporttalbot.com\/cy\/wp-json\/wp\/v2\/types\/page"}],"author":[{"embeddable":true,"href":"https:\/\/businessinneathporttalbot.com\/cy\/wp-json\/wp\/v2\/users\/3"}],"replies":[{"embeddable":true,"href":"https:\/\/businessinneathporttalbot.com\/cy\/wp-json\/wp\/v2\/comments?post=1092"}],"version-history":[{"count":0,"href":"https:\/\/businessinneathporttalbot.com\/cy\/wp-json\/wp\/v2\/pages\/1092\/revisions"}],"up":[{"embeddable":true,"href":"https:\/\/businessinneathporttalbot.com\/cy\/wp-json\/wp\/v2\/pages\/1107"}],"wp:featuredmedia":[{"embeddable":true,"href":"https:\/\/businessinneathporttalbot.com\/cy\/wp-json\/wp\/v2\/media\/1013"}],"wp:attachment":[{"href":"https:\/\/businessinneathporttalbot.com\/cy\/wp-json\/wp\/v2\/media?parent=1092"}],"curies":[{"name":"wp","href":"https:\/\/api.w.org\/{rel}","templated":true}]}}