{"id":1080,"date":"2024-03-26T11:07:07","date_gmt":"2024-03-26T11:07:07","guid":{"rendered":"https:\/\/businessinneathporttalbot.com\/y-gronfa-ynni-adnewyddadwy-gwyrdd-cefnogi-cynaliadwyedd-busnesau\/"},"modified":"2024-07-09T08:27:23","modified_gmt":"2024-07-09T08:27:23","slug":"y-gronfa-ynni-adnewyddadwy-gwyrdd-cefnogi-cynaliadwyedd-busnesau","status":"publish","type":"page","link":"https:\/\/businessinneathporttalbot.com\/cy\/y-gronfa-ynni-adnewyddadwy-gwyrdd-cefnogi-cynaliadwyedd-busnesau\/","title":{"rendered":"Y Gronfa Ynni Adnewyddadwy Gwyrdd: Cefnogi Cynaliadwyedd Busnesau"},"content":{"rendered":"<div class=\"npt-content-wrap\">\t\t<div data-elementor-type=\"wp-page\" data-elementor-id=\"1080\" class=\"elementor elementor-1080 elementor-799\" data-elementor-post-type=\"page\">\n\t\t\t\t\t\t<section class=\"elementor-section elementor-top-section elementor-element elementor-element-539b640c elementor-section-boxed elementor-section-height-default elementor-section-height-default\" data-id=\"539b640c\" data-element_type=\"section\" data-e-type=\"section\">\n\t\t\t\t\t\t<div class=\"elementor-container elementor-column-gap-default\">\n\t\t\t\t\t<div class=\"elementor-column elementor-col-100 elementor-top-column elementor-element elementor-element-53317bf6\" data-id=\"53317bf6\" data-element_type=\"column\" data-e-type=\"column\">\n\t\t\t<div class=\"elementor-widget-wrap elementor-element-populated\">\n\t\t\t\t\t\t<div class=\"elementor-element elementor-element-3bfc461 elementor-widget elementor-widget-text-editor\" data-id=\"3bfc461\" data-element_type=\"widget\" data-e-type=\"widget\" data-widget_type=\"text-editor.default\">\n\t\t\t\t<div class=\"elementor-widget-container\">\n\t\t\t\t\t\t\t\t\t<\/p>\n<h4>Mae Cronfa Ynni Adnewyddadwy Gwyrdd Cyngor Castell-nedd Port Talbot yn cydnabod pwysigrwydd cefnogi busnesau sy&#8217;n awyddus i fuddsoddi mewn technolegau newydd a fydd yn gwella eu nodweddion cynaliadwyedd ac yn cael effaith gadarnhaol ar eu costau a&#8217;u h\u00f4l troed carbon.<\/h4>\n<h6>Mae digwyddiadau byd-eang diweddar sydd wedi arwain at gynnydd sylweddol mewn costau tanwydd ac ynni, a chostau defnyddiau ac ati, wedi cael effaith sylweddol ar fusnesau lleol. Ochr yn ochr \u00e2 hyn, mae angen lleihau ein h\u00f4l troed carbon a throi at ffynonellau ynni amgen.<\/h6>\n<\/p>\n<p><strong><span style=\"text-decoration: underline;\">Pa gyllid sydd ar gael?<\/span><br \/><\/strong>Grantiau o hyd at 50% o\u2019r costau cymwys neu, uchafswm o \u00a350,000 i gefnogi buddsoddiad cyfalaf mewn technoleg werdd.<\/p>\n<p><span style=\"text-decoration: underline;\"><strong>Pa sectorau busnes sy&#8217;n gymwys?<br \/><\/strong><\/span>Gall cyllid gefnogi busnesau sy&#8217;n gweithredu o fewn:<\/p>\n<\/p>\n<ul>\n<li>Gweithgynhyrchu<\/li>\n<li>Peirianneg\/Saern\u00efo<\/li>\n<li>Adeiladu<\/li>\n<li>TGCh<\/li>\n<li>Sectorau Ynni Adnewyddadwy<\/li>\n<\/ul>\n<p><span style=\"text-decoration: underline;\"><strong>Pa gostau y bydd y grant yn helpu i&#8217;w talu?<\/strong><\/span><\/p>\n<p><a><strong><span style=\"text-decoration: underline;\">Systemau P\u0175er<\/span><br \/><\/strong><\/a> \u2022 Tyrbinau gwynt sengl ar raddfa fach<br \/>\u2022 paneli ffotofolt\u00e4ig solar (to mowntio \/ daear wedi&#8217;i osod).<br \/>\u2022 Batri ffotofolt\u00e4ig solar*.<br \/>\u2022 System storio batri sy&#8217;n gysylltiedig \u00e2&#8217;r grid (lle mae&#8217;r tariff gyda chyflenwr ynni adnewyddadwy)*.<br \/>\u2022 Hydro-electrig<\/p>\n<p><a><strong><span style=\"text-decoration: underline;\">Systemau Gwresogi<\/span> <br \/><\/strong><\/a>\u2022 Pwmp Gwres Ffynhonnell Aer (Aer i dd\u0175r ac aer i aer).<br \/>\u2022 Pwmp Gwres Ffynhonnell Tir (fertigol, llorweddol, croeslin a rheiddiol).<br \/>\u2022 paneli thermol solar (to mowntio \/ daear wedi&#8217;i osod).<br \/>\u2022 Systemau Gwres a Ph\u0175er Cyfunol (CHP). <\/p>\n<p><em>Lle defnyddir tanwydd adnewyddadwy (e.e. biomas) fel ffynhonnell tanwydd:<\/em><br \/>\u2022 Dylai gosodwyr fod yn MCS (Cynllun Ardystio Microgynhyrchu) achrededig.<br \/>\u2022 Rhaid i unrhyw offer o dan 45 kW gael ardystiad MCS.<br \/>\u2022 Ar gyfer systemau wedi&#8217;u gosod ar y to, dylai gosodwyr fod yn hunan-ardystio i berfformio arfarniadau strwythurol a chyfrifiadau ar gyfer strwythur y to. Os nad ydynt yn hunan-ardystio i wneud hyn, yna bydd angen tystysgrif rheoliadau adeiladu.<\/p>\n<p><em>* Gan fod prinder gosodwyr batris sydd wedi&#8217;u hardystio gan MCS, rhaid i&#8217;r batris gael eu gosod gan gontractwr sydd wedi&#8217;i gofrestru o dan Gynllun Personau Cymwys perthnasol (e.e. NICEIC) o leiaf.<\/em><\/p>\n<p><strong>Sylwer:<\/strong> Efallai y bydd technoleg a systemau perthnasol eraill sy&#8217;n lleihau&#8217;r defnydd o garbon ac ynni hefyd yn cael eu hystyried ond gwiriwch a ydych yn gymwys cyn dechrau gyda chais am gyllid gan na fydd gosod gwydro dwbl neu driphlyg neu insiwleiddio to a waliau yn gymwys.<\/p>\n<p><strong><span style=\"text-decoration: underline;\">Nid yw busnesau sy&#8217;n gweithredu yn y sectorau canlynol yn gymwys i wneud cais:<\/span> <br \/><\/strong>\u2022 Gwasanaethau proffesiynol fel cyfrifwyr, cyfreithwyr, gwerthwyr tai, broceriaid yswiriant, ac ati.<br \/>\u2022Bancio<br \/>\u2022Addysg<br \/>\u2022 Gofal Iechyd Sylfaenol e.e. meddygfeydd, ffisiotherapyddion, ac ati.<br \/>\u2022 Uwchfarchnadoedd<br \/>\u2022 Gweithrediadau bach gyda defnydd p\u0175er isel.<br \/>\u2022 Toiledau a chyfleusterau<br \/>\u2022 Busnesau sy&#8217;n rhan o fasnachfraint<br \/>\u2022 Cwmn\u00efau cenedlaethol neu&#8217;r rhai sy&#8217;n rhan o gadwyn fwy<br \/>\u2022 Clybiau chwaraeon<\/p>\n<p>Rhaid cofrestru safleoedd busnes ar gofrestr Ardrethi Annomestig Cyngor Castell-nedd Port Talbot a rhaid i&#8217;r ymgeisydd fod yn berchen ar y rhydd-ddaliad, neu sicrhau caniat\u00e2d ysgrifenedig eich landlord ar gyfer y gwaith arfaethedig. Rhaid i les fod ar waith hefyd a pharhau i fod yn ddilys ar \u00f4l y dyddiad talu grant terfynol. Sylwer: Bydd busnesau annibynnol (nad ydynt yn rhan o gr\u0175p mwy) sy&#8217;n gweithredu yn y sectorau Lletygarwch, Hamdden, Twristiaeth, Gofal a Manwerthu hefyd yn cael eu hystyried os yw&#8217;r gwariant yn bodloni&#8217;r meini prawf.<\/p>\n<p>Rhoddir cyllid yn \u00f4l disgresiwn a chaiff ceisiadau eu hystyried fesul achos.<\/p>\n\t\t\t\t\t\t\t\t<\/div>\n\t\t\t\t<\/div>\n\t\t\t\t<div class=\"elementor-element elementor-element-4acd31a elementor-widget elementor-widget-button\" data-id=\"4acd31a\" data-element_type=\"widget\" data-e-type=\"widget\" data-widget_type=\"button.default\">\n\t\t\t\t<div class=\"elementor-widget-container\">\n\t\t\t\t\t\t\t\t\t<div class=\"elementor-button-wrapper\">\n\t\t\t\t\t<a class=\"elementor-button elementor-button-link elementor-size-sm\" href=\"https:\/\/formbuilder.evolutive.co.uk\/formsite\/form\/f1796a45-554b-45d9-a1ba-b858646d665a\" target=\"_blank\">\n\t\t\t\t\t\t<span class=\"elementor-button-content-wrapper\">\n\t\t\t\t\t\t\t\t\t<span class=\"elementor-button-text\">Gwnewch gais nawr<\/span>\n\t\t\t\t\t<\/span>\n\t\t\t\t\t<\/a>\n\t\t\t\t<\/div>\n\t\t\t\t\t\t\t\t<\/div>\n\t\t\t\t<\/div>\n\t\t\t\t<div class=\"elementor-element elementor-element-5ac3b52 elementor-widget-divider--view-line elementor-widget elementor-widget-divider\" data-id=\"5ac3b52\" data-element_type=\"widget\" data-e-type=\"widget\" data-widget_type=\"divider.default\">\n\t\t\t\t<div class=\"elementor-widget-container\">\n\t\t\t\t\t\t\t<div class=\"elementor-divider\">\n\t\t\t<span class=\"elementor-divider-separator\">\n\t\t\t\t\t\t<\/span>\n\t\t<\/div>\n\t\t\t\t\t\t<\/div>\n\t\t\t\t<\/div>\n\t\t\t\t<div class=\"elementor-element elementor-element-974a490 elementor-widget elementor-widget-text-editor\" data-id=\"974a490\" data-element_type=\"widget\" data-e-type=\"widget\" data-widget_type=\"text-editor.default\">\n\t\t\t\t<div class=\"elementor-widget-container\">\n\t\t\t\t\t\t\t\t\t<p><strong>Cyllid arall tebyg i&#8217;r Gronfa Adnewyddadwy Werdd:<\/strong><\/p>\n\t\t\t\t\t\t\t\t<\/div>\n\t\t\t\t<\/div>\n\t\t\t\t<div class=\"elementor-element elementor-element-2fcfa47 elementor-widget elementor-widget-toggle\" data-id=\"2fcfa47\" data-element_type=\"widget\" data-e-type=\"widget\" data-widget_type=\"toggle.default\">\n\t\t\t\t<div class=\"elementor-widget-container\">\n\t\t\t\t\t\t\t<div class=\"elementor-toggle\">\n\t\t\t\t\t\t\t<div class=\"elementor-toggle-item\">\n\t\t\t\t\t<div id=\"elementor-tab-title-5011\" class=\"elementor-tab-title\" data-tab=\"1\" role=\"button\" aria-controls=\"elementor-tab-content-5011\" aria-expanded=\"false\">\n\t\t\t\t\t\t\t\t\t\t\t\t<span class=\"elementor-toggle-icon elementor-toggle-icon-left\" aria-hidden=\"true\">\n\t\t\t\t\t\t\t\t\t\t\t\t\t\t\t<span class=\"elementor-toggle-icon-closed\"><i class=\"fas fa-caret-right\"><\/i><\/span>\n\t\t\t\t\t\t\t\t<span class=\"elementor-toggle-icon-opened\"><i class=\"elementor-toggle-icon-opened fas fa-caret-up\"><\/i><\/span>\n\t\t\t\t\t\t\t\t\t\t\t\t\t<\/span>\n\t\t\t\t\t\t\t\t\t\t\t\t<a class=\"elementor-toggle-title\" tabindex=\"0\">Cronfa Ddiogelu'r Dyfodol gwerth \u00a320 Miliwn ar gyfer Busnesau Bach a Chanolig Manwerthu, Lletygarwch a Hamdden (Cymru)<\/a>\n\t\t\t\t\t<\/div>\n\n\t\t\t\t\t<div id=\"elementor-tab-content-5011\" class=\"elementor-tab-content elementor-clearfix\" data-tab=\"1\" role=\"region\" aria-labelledby=\"elementor-tab-title-5011\"><p>Bydd y gronfa&#8217;n darparu busnesau micro, bach a chanolig cymwys yn y sectorau manwerthu, lletygarwch a hamdden:<\/p>\n<p>Grant a ariennir gan arian cyfatebol ar gyfer cyllid cyfalaf rhwng \u00a35,000 a \u00a310,000, ni fydd unrhyw gostau refeniw yn gymwys i gael cyllid<br \/>Mae&#8217;r grant i&#8217;w ddefnyddio&#8217;n gyfan gwbl yn ystod blwyddyn ariannol 2024 \u2013 2025,<br \/>Bydd y grant yn cael ei fuddsoddi mewn mesurau i ddiogelu&#8217;r busnes yn y dyfodol.<br \/>Cliciwch ar y ddolen isod i gael gwybod mwy (bydd y ddolen yn agor mewn tudalen newydd):<\/p>\n<p>D.S. Os ydych yn gweithredu yn y sectorau manwerthu, lletygarwch neu hamdden, mae&#8217;n bosibl eich bod yn gymwys i gael cyllid o Gronfa Paratoi at y Dyfodol Llywodraeth Cymru er mwyn buddsoddi mewn technoleg ynni adnewyddadwy, gwneud gwelliannau i adeiladwaith safleoedd busnes, ac uwchraddio systemau neu beiriannau er mwyn defnyddio llai o ynni.<\/p>\n<p>Mae grantiau gwerth rhwng \u00a35,000 a \u00a310,000 ar gael er mwyn talu 75% o gostau cymwys, a bydd y gronfa&#8217;n agor ar gyfer ceisiadau ym mis Mai.<\/p>\n<p><strong>Byddem yn eich cynghori i edrych i weld a ydych yn gymwys i gael y cyllid hwn drwy ddilyn y ddolen ganlynol:<\/strong><\/p>\n<p><strong><a href=\"https:\/\/businesswales.gov.wales\/future-proofing-fund\" target=\"_blank\" rel=\"noopener\">Busnes Cymru Gov &#8211; Cronfa Diogelu&#8217;r Dyfodo<\/a><\/strong><\/p>\n<p><strong>D.S: NI ALLWCH WNEUD CAIS I&#8217;R DDWY GRONFA AR GYFER YR UN COSTAU PROSIECT<\/strong><\/p>\n<\/div>\n\t\t\t\t<\/div>\n\t\t\t\t\t\t\t\t<\/div>\n\t\t\t\t\t\t<\/div>\n\t\t\t\t<\/div>\n\t\t\t\t\t<\/div>\n\t\t<\/div>\n\t\t\t\t\t<\/div>\n\t\t<\/section>\n\t\t\t\t<\/div>\n\t\t<\/div>","protected":false},"excerpt":{"rendered":"<p>Mae Cronfa Ynni Adnewyddadwy Gwyrdd Cyngor Castell-nedd Port Talbot yn cydnabod pwysigrwydd cefnogi busnesau sy&#8217;n awyddus i fuddsoddi mewn technolegau newydd a fydd yn gwella eu nodweddion cynaliadwyedd ac yn cael effaith gadarnhaol ar eu costau a&#8217;u h\u00f4l troed carbon. Mae digwyddiadau byd-eang diweddar sydd wedi arwain at gynnydd sylweddol mewn costau tanwydd ac ynni, [&hellip;]<\/p>\n","protected":false},"author":3,"featured_media":1044,"parent":0,"menu_order":27,"comment_status":"closed","ping_status":"closed","template":"","meta":{"_acf_changed":false,"footnotes":""},"class_list":["post-1080","page","type-page","status-publish","has-post-thumbnail","hentry"],"acf":[],"yoast_head":"<!-- This site is optimized with the Yoast SEO plugin v27.3 - https:\/\/yoast.com\/product\/yoast-seo-wordpress\/ -->\n<title>Y Gronfa Ynni Adnewyddadwy Gwyrdd: Cefnogi Cynaliadwyedd Busnesau - Neath Port Talbot Council<\/title>\n<meta name=\"description\" content=\"NPTC\u2019s Green Renewable Fund recognises the importance of investing business supporting technologies to improve the business\u2019 sustainability.\" \/>\n<meta name=\"robots\" content=\"index, follow, max-snippet:-1, max-image-preview:large, max-video-preview:-1\" \/>\n<link rel=\"canonical\" href=\"https:\/\/businessinneathporttalbot.com\/cy\/y-gronfa-ynni-adnewyddadwy-gwyrdd-cefnogi-cynaliadwyedd-busnesau\/\" \/>\n<meta property=\"og:locale\" content=\"cy_GB\" \/>\n<meta property=\"og:type\" content=\"article\" \/>\n<meta property=\"og:title\" content=\"Y Gronfa Ynni Adnewyddadwy Gwyrdd: Cefnogi Cynaliadwyedd Busnesau - Neath Port Talbot Council\" \/>\n<meta property=\"og:description\" content=\"NPTC\u2019s Green Renewable Fund recognises the importance of investing business supporting technologies to improve the business\u2019 sustainability.\" \/>\n<meta property=\"og:url\" content=\"https:\/\/businessinneathporttalbot.com\/cy\/y-gronfa-ynni-adnewyddadwy-gwyrdd-cefnogi-cynaliadwyedd-busnesau\/\" \/>\n<meta property=\"og:site_name\" content=\"Neath Port Talbot Council\" \/>\n<meta property=\"article:modified_time\" content=\"2024-07-09T08:27:23+00:00\" \/>\n<meta property=\"og:image\" content=\"https:\/\/businessinneathporttalbot.com\/wp-content\/uploads\/2024\/03\/red-zeppelin-UVGE-o757-g-unsplash-scaled.jpg\" \/>\n\t<meta property=\"og:image:width\" content=\"2560\" \/>\n\t<meta property=\"og:image:height\" content=\"1920\" \/>\n\t<meta property=\"og:image:type\" content=\"image\/jpeg\" \/>\n<meta name=\"twitter:card\" content=\"summary_large_image\" \/>\n<meta name=\"twitter:label1\" content=\"Est. reading time\" \/>\n\t<meta name=\"twitter:data1\" content=\"4 minutes\" \/>\n<script type=\"application\/ld+json\" class=\"yoast-schema-graph\">{\"@context\":\"https:\\\/\\\/schema.org\",\"@graph\":[{\"@type\":\"WebPage\",\"@id\":\"https:\\\/\\\/businessinneathporttalbot.com\\\/cy\\\/y-gronfa-ynni-adnewyddadwy-gwyrdd-cefnogi-cynaliadwyedd-busnesau\\\/\",\"url\":\"https:\\\/\\\/businessinneathporttalbot.com\\\/cy\\\/y-gronfa-ynni-adnewyddadwy-gwyrdd-cefnogi-cynaliadwyedd-busnesau\\\/\",\"name\":\"Y Gronfa Ynni Adnewyddadwy Gwyrdd: Cefnogi Cynaliadwyedd Busnesau - Neath Port Talbot Council\",\"isPartOf\":{\"@id\":\"https:\\\/\\\/businessinneathporttalbot.com\\\/cy\\\/#website\"},\"primaryImageOfPage\":{\"@id\":\"https:\\\/\\\/businessinneathporttalbot.com\\\/cy\\\/y-gronfa-ynni-adnewyddadwy-gwyrdd-cefnogi-cynaliadwyedd-busnesau\\\/#primaryimage\"},\"image\":{\"@id\":\"https:\\\/\\\/businessinneathporttalbot.com\\\/cy\\\/y-gronfa-ynni-adnewyddadwy-gwyrdd-cefnogi-cynaliadwyedd-busnesau\\\/#primaryimage\"},\"thumbnailUrl\":\"https:\\\/\\\/businessinneathporttalbot.com\\\/wp-content\\\/uploads\\\/2024\\\/03\\\/red-zeppelin-UVGE-o757-g-unsplash-scaled.jpg\",\"datePublished\":\"2024-03-26T11:07:07+00:00\",\"dateModified\":\"2024-07-09T08:27:23+00:00\",\"description\":\"NPTC\u2019s Green Renewable Fund recognises the importance of investing business supporting technologies to improve the business\u2019 sustainability.\",\"breadcrumb\":{\"@id\":\"https:\\\/\\\/businessinneathporttalbot.com\\\/cy\\\/y-gronfa-ynni-adnewyddadwy-gwyrdd-cefnogi-cynaliadwyedd-busnesau\\\/#breadcrumb\"},\"inLanguage\":\"cy-GB\",\"potentialAction\":[{\"@type\":\"ReadAction\",\"target\":[\"https:\\\/\\\/businessinneathporttalbot.com\\\/cy\\\/y-gronfa-ynni-adnewyddadwy-gwyrdd-cefnogi-cynaliadwyedd-busnesau\\\/\"]}]},{\"@type\":\"ImageObject\",\"inLanguage\":\"cy-GB\",\"@id\":\"https:\\\/\\\/businessinneathporttalbot.com\\\/cy\\\/y-gronfa-ynni-adnewyddadwy-gwyrdd-cefnogi-cynaliadwyedd-busnesau\\\/#primaryimage\",\"url\":\"https:\\\/\\\/businessinneathporttalbot.com\\\/wp-content\\\/uploads\\\/2024\\\/03\\\/red-zeppelin-UVGE-o757-g-unsplash-scaled.jpg\",\"contentUrl\":\"https:\\\/\\\/businessinneathporttalbot.com\\\/wp-content\\\/uploads\\\/2024\\\/03\\\/red-zeppelin-UVGE-o757-g-unsplash-scaled.jpg\",\"width\":2560,\"height\":1920},{\"@type\":\"BreadcrumbList\",\"@id\":\"https:\\\/\\\/businessinneathporttalbot.com\\\/cy\\\/y-gronfa-ynni-adnewyddadwy-gwyrdd-cefnogi-cynaliadwyedd-busnesau\\\/#breadcrumb\",\"itemListElement\":[{\"@type\":\"ListItem\",\"position\":1,\"name\":\"Home\",\"item\":\"https:\\\/\\\/businessinneathporttalbot.com\\\/cy\\\/cartref\\\/\"},{\"@type\":\"ListItem\",\"position\":2,\"name\":\"Y Gronfa Ynni Adnewyddadwy Gwyrdd: Cefnogi Cynaliadwyedd Busnesau\"}]},{\"@type\":\"WebSite\",\"@id\":\"https:\\\/\\\/businessinneathporttalbot.com\\\/cy\\\/#website\",\"url\":\"https:\\\/\\\/businessinneathporttalbot.com\\\/cy\\\/\",\"name\":\"Neath Port Talbot Council\",\"description\":\"\",\"publisher\":{\"@id\":\"https:\\\/\\\/businessinneathporttalbot.com\\\/cy\\\/#organization\"},\"potentialAction\":[{\"@type\":\"SearchAction\",\"target\":{\"@type\":\"EntryPoint\",\"urlTemplate\":\"https:\\\/\\\/businessinneathporttalbot.com\\\/cy\\\/?s={search_term_string}\"},\"query-input\":{\"@type\":\"PropertyValueSpecification\",\"valueRequired\":true,\"valueName\":\"search_term_string\"}}],\"inLanguage\":\"cy-GB\"},{\"@type\":\"Organization\",\"@id\":\"https:\\\/\\\/businessinneathporttalbot.com\\\/cy\\\/#organization\",\"name\":\"Neath Port Talbot Council\",\"url\":\"https:\\\/\\\/businessinneathporttalbot.com\\\/cy\\\/\",\"logo\":{\"@type\":\"ImageObject\",\"inLanguage\":\"cy-GB\",\"@id\":\"https:\\\/\\\/businessinneathporttalbot.com\\\/cy\\\/#\\\/schema\\\/logo\\\/image\\\/\",\"url\":\"https:\\\/\\\/businessinneathporttalbot.com\\\/wp-content\\\/uploads\\\/2023\\\/02\\\/Logo.png\",\"contentUrl\":\"https:\\\/\\\/businessinneathporttalbot.com\\\/wp-content\\\/uploads\\\/2023\\\/02\\\/Logo.png\",\"width\":824,\"height\":170,\"caption\":\"Neath Port Talbot Council\"},\"image\":{\"@id\":\"https:\\\/\\\/businessinneathporttalbot.com\\\/cy\\\/#\\\/schema\\\/logo\\\/image\\\/\"}}]}<\/script>\n<!-- \/ Yoast SEO plugin. -->","yoast_head_json":{"title":"Y Gronfa Ynni Adnewyddadwy Gwyrdd: Cefnogi Cynaliadwyedd Busnesau - Neath Port Talbot Council","description":"NPTC\u2019s Green Renewable Fund recognises the importance of investing business supporting technologies to improve the business\u2019 sustainability.","robots":{"index":"index","follow":"follow","max-snippet":"max-snippet:-1","max-image-preview":"max-image-preview:large","max-video-preview":"max-video-preview:-1"},"canonical":"https:\/\/businessinneathporttalbot.com\/cy\/y-gronfa-ynni-adnewyddadwy-gwyrdd-cefnogi-cynaliadwyedd-busnesau\/","og_locale":"cy_GB","og_type":"article","og_title":"Y Gronfa Ynni Adnewyddadwy Gwyrdd: Cefnogi Cynaliadwyedd Busnesau - Neath Port Talbot Council","og_description":"NPTC\u2019s Green Renewable Fund recognises the importance of investing business supporting technologies to improve the business\u2019 sustainability.","og_url":"https:\/\/businessinneathporttalbot.com\/cy\/y-gronfa-ynni-adnewyddadwy-gwyrdd-cefnogi-cynaliadwyedd-busnesau\/","og_site_name":"Neath Port Talbot Council","article_modified_time":"2024-07-09T08:27:23+00:00","og_image":[{"width":2560,"height":1920,"url":"https:\/\/businessinneathporttalbot.com\/wp-content\/uploads\/2024\/03\/red-zeppelin-UVGE-o757-g-unsplash-scaled.jpg","type":"image\/jpeg"}],"twitter_card":"summary_large_image","twitter_misc":{"Est. reading time":"4 minutes"},"schema":{"@context":"https:\/\/schema.org","@graph":[{"@type":"WebPage","@id":"https:\/\/businessinneathporttalbot.com\/cy\/y-gronfa-ynni-adnewyddadwy-gwyrdd-cefnogi-cynaliadwyedd-busnesau\/","url":"https:\/\/businessinneathporttalbot.com\/cy\/y-gronfa-ynni-adnewyddadwy-gwyrdd-cefnogi-cynaliadwyedd-busnesau\/","name":"Y Gronfa Ynni Adnewyddadwy Gwyrdd: Cefnogi Cynaliadwyedd Busnesau - Neath Port Talbot Council","isPartOf":{"@id":"https:\/\/businessinneathporttalbot.com\/cy\/#website"},"primaryImageOfPage":{"@id":"https:\/\/businessinneathporttalbot.com\/cy\/y-gronfa-ynni-adnewyddadwy-gwyrdd-cefnogi-cynaliadwyedd-busnesau\/#primaryimage"},"image":{"@id":"https:\/\/businessinneathporttalbot.com\/cy\/y-gronfa-ynni-adnewyddadwy-gwyrdd-cefnogi-cynaliadwyedd-busnesau\/#primaryimage"},"thumbnailUrl":"https:\/\/businessinneathporttalbot.com\/wp-content\/uploads\/2024\/03\/red-zeppelin-UVGE-o757-g-unsplash-scaled.jpg","datePublished":"2024-03-26T11:07:07+00:00","dateModified":"2024-07-09T08:27:23+00:00","description":"NPTC\u2019s Green Renewable Fund recognises the importance of investing business supporting technologies to improve the business\u2019 sustainability.","breadcrumb":{"@id":"https:\/\/businessinneathporttalbot.com\/cy\/y-gronfa-ynni-adnewyddadwy-gwyrdd-cefnogi-cynaliadwyedd-busnesau\/#breadcrumb"},"inLanguage":"cy-GB","potentialAction":[{"@type":"ReadAction","target":["https:\/\/businessinneathporttalbot.com\/cy\/y-gronfa-ynni-adnewyddadwy-gwyrdd-cefnogi-cynaliadwyedd-busnesau\/"]}]},{"@type":"ImageObject","inLanguage":"cy-GB","@id":"https:\/\/businessinneathporttalbot.com\/cy\/y-gronfa-ynni-adnewyddadwy-gwyrdd-cefnogi-cynaliadwyedd-busnesau\/#primaryimage","url":"https:\/\/businessinneathporttalbot.com\/wp-content\/uploads\/2024\/03\/red-zeppelin-UVGE-o757-g-unsplash-scaled.jpg","contentUrl":"https:\/\/businessinneathporttalbot.com\/wp-content\/uploads\/2024\/03\/red-zeppelin-UVGE-o757-g-unsplash-scaled.jpg","width":2560,"height":1920},{"@type":"BreadcrumbList","@id":"https:\/\/businessinneathporttalbot.com\/cy\/y-gronfa-ynni-adnewyddadwy-gwyrdd-cefnogi-cynaliadwyedd-busnesau\/#breadcrumb","itemListElement":[{"@type":"ListItem","position":1,"name":"Home","item":"https:\/\/businessinneathporttalbot.com\/cy\/cartref\/"},{"@type":"ListItem","position":2,"name":"Y Gronfa Ynni Adnewyddadwy Gwyrdd: Cefnogi Cynaliadwyedd Busnesau"}]},{"@type":"WebSite","@id":"https:\/\/businessinneathporttalbot.com\/cy\/#website","url":"https:\/\/businessinneathporttalbot.com\/cy\/","name":"Neath Port Talbot Council","description":"","publisher":{"@id":"https:\/\/businessinneathporttalbot.com\/cy\/#organization"},"potentialAction":[{"@type":"SearchAction","target":{"@type":"EntryPoint","urlTemplate":"https:\/\/businessinneathporttalbot.com\/cy\/?s={search_term_string}"},"query-input":{"@type":"PropertyValueSpecification","valueRequired":true,"valueName":"search_term_string"}}],"inLanguage":"cy-GB"},{"@type":"Organization","@id":"https:\/\/businessinneathporttalbot.com\/cy\/#organization","name":"Neath Port Talbot Council","url":"https:\/\/businessinneathporttalbot.com\/cy\/","logo":{"@type":"ImageObject","inLanguage":"cy-GB","@id":"https:\/\/businessinneathporttalbot.com\/cy\/#\/schema\/logo\/image\/","url":"https:\/\/businessinneathporttalbot.com\/wp-content\/uploads\/2023\/02\/Logo.png","contentUrl":"https:\/\/businessinneathporttalbot.com\/wp-content\/uploads\/2023\/02\/Logo.png","width":824,"height":170,"caption":"Neath Port Talbot Council"},"image":{"@id":"https:\/\/businessinneathporttalbot.com\/cy\/#\/schema\/logo\/image\/"}}]}},"featured_image_src":"https:\/\/businessinneathporttalbot.com\/wp-content\/uploads\/2024\/03\/red-zeppelin-UVGE-o757-g-unsplash-600x400.jpg","featured_image_src_square":"https:\/\/businessinneathporttalbot.com\/wp-content\/uploads\/2024\/03\/red-zeppelin-UVGE-o757-g-unsplash-600x600.jpg","_links":{"self":[{"href":"https:\/\/businessinneathporttalbot.com\/cy\/wp-json\/wp\/v2\/pages\/1080","targetHints":{"allow":["GET"]}}],"collection":[{"href":"https:\/\/businessinneathporttalbot.com\/cy\/wp-json\/wp\/v2\/pages"}],"about":[{"href":"https:\/\/businessinneathporttalbot.com\/cy\/wp-json\/wp\/v2\/types\/page"}],"author":[{"embeddable":true,"href":"https:\/\/businessinneathporttalbot.com\/cy\/wp-json\/wp\/v2\/users\/3"}],"replies":[{"embeddable":true,"href":"https:\/\/businessinneathporttalbot.com\/cy\/wp-json\/wp\/v2\/comments?post=1080"}],"version-history":[{"count":0,"href":"https:\/\/businessinneathporttalbot.com\/cy\/wp-json\/wp\/v2\/pages\/1080\/revisions"}],"wp:featuredmedia":[{"embeddable":true,"href":"https:\/\/businessinneathporttalbot.com\/cy\/wp-json\/wp\/v2\/media\/1044"}],"wp:attachment":[{"href":"https:\/\/businessinneathporttalbot.com\/cy\/wp-json\/wp\/v2\/media?parent=1080"}],"curies":[{"name":"wp","href":"https:\/\/api.w.org\/{rel}","templated":true}]}}